{"id":54,"date":"2026-02-10T14:47:56","date_gmt":"2026-02-10T14:47:56","guid":{"rendered":"https:\/\/prtrportal.rhmzrs.com\/?page_id=54"},"modified":"2026-03-31T12:06:38","modified_gmt":"2026-03-31T12:06:38","slug":"prtr","status":"publish","type":"page","link":"https:\/\/prtrportal.rhmzrs.com\/sr-lat\/prtr\/","title":{"rendered":"Prtr"},"content":{"rendered":"<div data-elementor-type=\"wp-page\" data-elementor-id=\"54\" class=\"elementor elementor-54\" data-elementor-post-type=\"page\">\n\t\t\t\t<div class=\"elementor-element elementor-element-80e91a9 e-flex e-con-boxed e-con e-parent\" data-id=\"80e91a9\" data-element_type=\"container\" data-e-type=\"container\">\n\t\t\t\t\t<div class=\"e-con-inner\">\n\t\t\t\t<div class=\"elementor-element elementor-element-f8797b3 elementor-widget elementor-widget-breadcrumbs\" data-id=\"f8797b3\" data-element_type=\"widget\" data-e-type=\"widget\" data-widget_type=\"breadcrumbs.default\">\n\t\t\t\t\t<p id=\"breadcrumbs\"><span><span><a href=\"https:\/\/prtrportal.rhmzrs.com\/sr-lat\/\">Po\u010detna<\/a><\/span><\/span><\/p>\t\t\t\t<\/div>\n\t\t\t\t\t<\/div>\n\t\t\t\t<\/div>\n\t\t<div class=\"elementor-element elementor-element-058ba5a e-flex e-con-boxed e-con e-parent\" data-id=\"058ba5a\" data-element_type=\"container\" data-e-type=\"container\">\n\t\t\t\t\t<div class=\"e-con-inner\">\n\t\t<div class=\"elementor-element elementor-element-3e3c25d e-con-full e-flex e-con e-child\" data-id=\"3e3c25d\" data-element_type=\"container\" data-e-type=\"container\">\n\t\t\t\t<div class=\"elementor-element elementor-element-a4b58a3 elementor-widget elementor-widget-sidebar\" data-id=\"a4b58a3\" data-element_type=\"widget\" data-e-type=\"widget\" data-widget_type=\"sidebar.default\">\n\t\t\t\t\t<div class=\"widget\">\n<p class=\"has-black-color has-text-color has-link-color wp-elements-04efee15bdd43a2f44ad115120e384f0\" style=\"text-decoration:underline\"><a href=\"https:\/\/prtrportal.rhmzrs.com\/sr-lat\/znacaj-prtr-a\/\">Zna\u010daj PRTR-a<\/a><\/p>\n<\/div><div class=\"widget\">\n<ul class=\"wp-block-list sidebar-znacaj-prtr-linkovi\">\n<li class=\"has-black-color has-text-color has-link-color wp-elements-249d934f12925ac7090e5bd5fc945a27\" style=\"text-decoration:underline\"><a href=\"https:\/\/prtrportal.rhmzrs.com\/sr-lat\/znacaj-prtr-a\/drzavne-institucije\/\">Dr\u017eavne institucije<\/a><\/li>\n\n\n\n<li class=\"has-black-color has-text-color has-link-color wp-elements-af1def5dad0267f79b7ee2e172eba1e3\" style=\"text-decoration:underline\"><a href=\"https:\/\/prtrportal.rhmzrs.com\/sr-lat\/znacaj-prtr-a\/industrija\/\">Industrija<\/a><\/li>\n\n\n\n<li class=\"has-black-color has-text-color has-link-color wp-elements-16f08208e4648345b88aeea8c874dbad\" style=\"text-decoration:underline\"><a href=\"https:\/\/prtrportal.rhmzrs.com\/sr-lat\/znacaj-prtr-a\/javnost\/\">Javnost<\/a><\/li>\n<\/ul>\n<\/div><div class=\"widget\">\n<p class=\"has-black-color has-text-color has-link-color wp-elements-18114edd03e4ed127bc2b2de80a97c33\" style=\"text-decoration:underline\"><a href=\"https:\/\/prtrportal.rhmzrs.com\/sr-lat\/aktuelnosti\/\">Aktuelnosti<\/a><\/p>\n<\/div><div class=\"widget\">\n<p class=\"has-black-color has-text-color has-link-color wp-elements-d8d3acc9ca2dd3570a156eb4d527f72e\"><a href=\"https:\/\/prtrportal.rhmzrs.com\/sr-lat\/registar\/\">Publikacije<\/a><\/p>\n<\/div><div class=\"widget\">\n<p class=\"has-black-color has-text-color has-link-color wp-elements-e3d932b08fdbf1a277cdb953db2248d2\" style=\"text-decoration:underline\"><a href=\"https:\/\/prtrportal.rhmzrs.com\/sr-lat\/prtr\/zagadujuce-materije\/\">Zagadjuju\u0107e materije<\/a><\/p>\n<\/div><div class=\"widget\">\n<ul class=\"wp-block-list sidebar-znacaj-prtr-linkovi\">\n<li class=\"has-black-color has-text-color has-link-color wp-elements-258762e051fff985fec918f94911f473\" style=\"text-decoration:underline\"><a href=\"https:\/\/prtrportal.rhmzrs.com\/sr-lat\/prtr\/zagadujuce-materije\/polutanti\/\">Polutanti<\/a><\/li>\n<\/ul>\n<\/div>\t\t\t\t<\/div>\n\t\t\t\t<\/div>\n\t\t<div class=\"elementor-element elementor-element-46328fe e-con-full e-flex e-con e-child\" data-id=\"46328fe\" data-element_type=\"container\" data-e-type=\"container\">\n\t\t\t\t<div class=\"elementor-element elementor-element-c128abd elementor-widget elementor-widget-heading\" data-id=\"c128abd\" data-element_type=\"widget\" data-e-type=\"widget\" data-widget_type=\"heading.default\">\n\t\t\t\t\t<h2 class=\"elementor-heading-title elementor-size-default\">\u0160ta je  PRTR?<\/h2>\t\t\t\t<\/div>\n\t\t\t\t<div class=\"elementor-element elementor-element-7bf89d3 elementor-widget elementor-widget-text-editor\" data-id=\"7bf89d3\" data-element_type=\"widget\" data-e-type=\"widget\" data-widget_type=\"text-editor.default\">\n\t\t\t\t\t\t\t\t\t<p>PRTR je javno dostupna baza podataka o \u017eivotnoj sredini koja pru\u017ea periodi\u010dne i pouzdane podatke o potencijalno opasnim zaga\u0111uju\u0107im materijama koje se ispu\u0161taju u vazduh, vodu i zemlji\u0161te i prenose van lokacije radi tretmana ili odlaganja. PRTR je definisan me\u0111unarodnim ugovorom (PRTR Protokol) koji je usvojen na Petoj ministarskoj konferenciji \u201e\u017divotna sredina za Evropu\u201c u Kijevu 2003. godine, u okviru Arhuske konvencije, i Uredbom (EU) 2024\/1244 Evropskog parlamenta i vije\u0107a od 24. aprila 2024. godine o izvje\u0161tavanju o podacima o \u017eivotnoj sredini iz industrijskih postrojenja i uspostavi Portala za industrijske emisije. Cilj PRTR protokola je unapre\u0111enje pristupa javnosti informacijama, \u010dime bi se moglo olak\u0161ati u\u010de\u0161\u0107e javnosti u odlu\u010divanju o \u017eivotnoj sredini te doprinijeti spre\u010davanju i smanjenju zaga\u0111enja \u017eivotne sredine.<\/p><p>\u00a0<\/p><p>Baza podataka uklju\u010duje preko 65 ekonomskih aktivnosti (energetski sektor, proizvodnja i prerada metala, mineralna industrija, hemijska industrija, upravljanje otpadom i otpadnim vodama, proizvodnja papira i proizvoda od drveta i prerada, intenzivna proizvodnja stoke i ribarstvo, \u017eivotinjski i biljni proizvodi iz prehrambenog sektora i ostale djelatnosti) i 91 zaga\u0111uju\u0107u materiju, poput te\u0161kih metala, pesticida, gasova sa efektom staklene ba\u0161te, dioksina i sl.<\/p><p>Podaci iz PRTR-a mogu da obezbjede kreatorima politike klju\u010dne indikatore za mjerenje napretka u smanjenju emisija zaga\u0111uju\u0107ih materija, unapre\u0111enje odr\u017eivosti i uspjeh zelene ekonomije. Vlade, akademske zajednice, istra\u017eiva\u010dke institucije, javnost i preduze\u0107a mogu da primjenjuju PRTR podatke u razvoju svojih strate\u0161kih politika i ciljeva.<\/p><p>The basic elements of the PRTR system are:<\/p><ul><li>Lista hemikalija, grupa hemikalija i drugih relevantnih zaga\u0111uju\u0107ih materija koje se ispu\u0161taju u \u017eivotnu sredinu ili prenose van lokacije,<\/li><li>Integrisano izvje\u0161tavanje o ispu\u0161tanjima i prenosu zaga\u0111uju\u0107ih materija u vazduh, vodu i zemlji\u0161te,<\/li><li>Izvje\u0161tavanje prema izvoru emisija, pokrivaju\u0107i ta\u010dkaste i neta\u010dkaste izvore, gdje je primjenjivo (mo\u017ee da sadr\u017ei podatke o ispu\u0161tanju iz difuznih izvora, kao \u0161to su poljoprivreda i transport i iz krajnje upotrebe proizvoda),<\/li><li>Periodi\u010dno izvje\u0161tavanje (na godi\u0161njem nivou),<\/li><li>Javno dostupni podaci.<\/li><\/ul>\t\t\t\t\t\t\t\t<\/div>\n\t\t\t\t<\/div>\n\t\t<div class=\"elementor-element elementor-element-f136255 e-con-full e-flex e-con e-child\" data-id=\"f136255\" data-element_type=\"container\" data-e-type=\"container\">\n\t\t\t\t<div class=\"elementor-element elementor-element-76819f2 elementor-widget elementor-widget-sidebar\" data-id=\"76819f2\" data-element_type=\"widget\" data-e-type=\"widget\" data-widget_type=\"sidebar.default\">\n\t\t\t\t\t<div class=\"widget\">\t\t<div data-elementor-type=\"single-page\" data-elementor-id=\"113\" class=\"elementor elementor-113\" data-elementor-post-type=\"elementor_library\">\n\t\t\t<div class=\"elementor-element elementor-element-d34138c e-flex e-con-boxed e-con e-parent\" data-id=\"d34138c\" data-element_type=\"container\" data-e-type=\"container\" data-settings=\"{&quot;background_background&quot;:&quot;classic&quot;}\">\n\t\t\t\t\t<div class=\"e-con-inner\">\n\t\t\t\t<div class=\"elementor-element elementor-element-3553a24 elementor-widget elementor-widget-image\" data-id=\"3553a24\" data-element_type=\"widget\" data-e-type=\"widget\" data-widget_type=\"image.default\">\n\t\t\t\t\t\t\t\t\t\t\t\t\t\t\t<img fetchpriority=\"high\" decoding=\"async\" width=\"1024\" height=\"1024\" src=\"https:\/\/prtrportal.rhmzrs.com\/wp-content\/uploads\/2026\/02\/right_picture.jpg\" class=\"attachment-full size-full wp-image-107\" alt=\"\" srcset=\"https:\/\/prtrportal.rhmzrs.com\/wp-content\/uploads\/2026\/02\/right_picture.jpg 1024w, https:\/\/prtrportal.rhmzrs.com\/wp-content\/uploads\/2026\/02\/right_picture-300x300.jpg 300w, https:\/\/prtrportal.rhmzrs.com\/wp-content\/uploads\/2026\/02\/right_picture-150x150.jpg 150w, https:\/\/prtrportal.rhmzrs.com\/wp-content\/uploads\/2026\/02\/right_picture-768x768.jpg 768w, https:\/\/prtrportal.rhmzrs.com\/wp-content\/uploads\/2026\/02\/right_picture-12x12.jpg 12w\" sizes=\"(max-width: 1024px) 100vw, 1024px\" \/>\t\t\t\t\t\t\t\t\t\t\t\t\t\t\t<\/div>\n\t\t\t\t<div class=\"elementor-element elementor-element-ccc576a elementor-align-center elementor-widget elementor-widget-button\" data-id=\"ccc576a\" data-element_type=\"widget\" data-e-type=\"widget\" data-widget_type=\"button.default\">\n\t\t\t\t\t\t\t\t\t\t<a class=\"elementor-button elementor-button-link elementor-size-sm\" href=\"https:\/\/prtr.rhmzrs.com\/\">\n\t\t\t\t\t\t<span class=\"elementor-button-content-wrapper\">\n\t\t\t\t\t\t\t\t\t<span class=\"elementor-button-text\">Prijava u PRTR<\/span>\n\t\t\t\t\t<\/span>\n\t\t\t\t\t<\/a>\n\t\t\t\t\t\t\t\t<\/div>\n\t\t\t\t<div class=\"elementor-element elementor-element-7db9f19 elementor-widget-tablet__width-initial elementor-widget elementor-widget-text-editor\" data-id=\"7db9f19\" data-element_type=\"widget\" data-e-type=\"widget\" data-widget_type=\"text-editor.default\">\n\t\t\t\t\t\t\t\t\t<p>PRTR :<\/p>\n<p>Kontakt telefon:<br><span style=\"text-decoration: underline;\"><a href=\"tel:+387-(0)51-346492\">+387-(0)51-346492;<\/a><\/span><br><span style=\"text-decoration: underline;\"><a href=\"tel:+387-(0)65-089688\">+387-(0)65-089688<\/a><\/span><\/p>\n<p>email: <a href=\"mailto:prtrrs@rhmzrs.com\"><span style=\"text-decoration: underline;\">prtrrs@rhmzrs.com<\/span><\/a><\/p>\t\t\t\t\t\t\t\t<\/div>\n\t\t\t\t\t<\/div>\n\t\t\t\t<\/div>\n\t\t\t\t<\/div>\n\t\t<\/div>\t\t\t\t<\/div>\n\t\t\t\t<\/div>\n\t\t\t\t\t<\/div>\n\t\t\t\t<\/div>\n\t\t\t\t<\/div>","protected":false},"excerpt":{"rendered":"<p>\u0428\u0442\u0430 \u0458\u0435 \u041f\u0420\u0422\u0420? PRTR \u0458\u0435 \u0458\u0430\u0432\u043d\u043e \u0434\u043e\u0441\u0442\u0443\u043f\u043d\u0430 \u0431\u0430\u0437\u0430 \u043f\u043e\u0434\u0430\u0442\u0430\u043a\u0430 \u043e \u0436\u0438\u0432\u043e\u0442\u043d\u043e\u0458 \u0441\u0440\u0435\u0434\u0438\u043d\u0438 \u043a\u043e\u0458\u0430 \u043f\u0440\u0443\u0436\u0430 \u043f\u0435\u0440\u0438\u043e\u0434\u0438\u0447\u043d\u0435 \u0438 \u043f\u043e\u0443\u0437\u0434\u0430\u043d\u0435 \u043f\u043e\u0434\u0430\u0442\u043a\u0435 \u043e \u043f\u043e\u0442\u0435\u043d\u0446\u0438\u0458\u0430\u043b\u043d\u043e \u043e\u043f\u0430\u0441\u043d\u0438\u043c \u0437\u0430\u0433\u0430\u0452\u0443\u0458\u0443\u045b\u0438\u043c \u043c\u0430\u0442\u0435\u0440\u0438\u0458\u0430\u043c\u0430 \u043a\u043e\u0458\u0435 \u0441\u0435 \u0438\u0441\u043f\u0443\u0448\u0442\u0430\u0458\u0443 \u0443 \u0432\u0430\u0437\u0434\u0443\u0445, \u0432\u043e\u0434\u0443 \u0438 \u0437\u0435\u043c\u0459\u0438\u0448\u0442\u0435 \u0438 \u043f\u0440\u0435\u043d\u043e\u0441\u0435 \u0432\u0430\u043d \u043b\u043e\u043a\u0430\u0446\u0438\u0458\u0435 \u0440\u0430\u0434\u0438 \u0442\u0440\u0435\u0442\u043c\u0430\u043d\u0430 \u0438\u043b\u0438 \u043e\u0434\u043b\u0430\u0433\u0430\u045a\u0430. PRTR \u0458\u0435 \u0434\u0435\u0444\u0438\u043d\u0438\u0441\u0430\u043d \u043c\u0435\u0452\u0443\u043d\u0430\u0440\u043e\u0434\u043d\u0438\u043c \u0443\u0433\u043e\u0432\u043e\u0440\u043e\u043c (PRTR \u041f\u0440\u043e\u0442\u043e\u043a\u043e\u043b) \u043a\u043e\u0458\u0438 \u0458\u0435 \u0443\u0441\u0432\u043e\u0458\u0435\u043d \u043d\u0430 \u041f\u0435\u0442\u043e\u0458 \u043c\u0438\u043d\u0438\u0441\u0442\u0430\u0440\u0441\u043a\u043e\u0458 \u043a\u043e\u043d\u0444\u0435\u0440\u0435\u043d\u0446\u0438\u0458\u0438 \u201e\u0416\u0438\u0432\u043e\u0442\u043d\u0430 \u0441\u0440\u0435\u0434\u0438\u043d\u0430 [&hellip;]<\/p>\n","protected":false},"author":1,"featured_media":0,"parent":0,"menu_order":0,"comment_status":"closed","ping_status":"closed","template":"elementor_header_footer","meta":{"footnotes":""},"class_list":["post-54","page","type-page","status-publish","hentry"],"yoast_head":"<!-- This site is optimized with the Yoast SEO plugin v27.3 - https:\/\/yoast.com\/product\/yoast-seo-wordpress\/ -->\n<title>Prtr - prtr.domgrid.com<\/title>\n<meta name=\"robots\" content=\"index, follow, max-snippet:-1, max-image-preview:large, max-video-preview:-1\" \/>\n<link rel=\"canonical\" href=\"https:\/\/prtrportal.rhmzrs.com\/sr-lat\/prtr\/\" \/>\n<meta property=\"og:locale\" content=\"en_US\" \/>\n<meta property=\"og:type\" content=\"article\" \/>\n<meta property=\"og:title\" content=\"Prtr - prtr.domgrid.com\" \/>\n<meta property=\"og:description\" content=\"\u0428\u0442\u0430 \u0458\u0435 \u041f\u0420\u0422\u0420? PRTR \u0458\u0435 \u0458\u0430\u0432\u043d\u043e \u0434\u043e\u0441\u0442\u0443\u043f\u043d\u0430 \u0431\u0430\u0437\u0430 \u043f\u043e\u0434\u0430\u0442\u0430\u043a\u0430 \u043e \u0436\u0438\u0432\u043e\u0442\u043d\u043e\u0458 \u0441\u0440\u0435\u0434\u0438\u043d\u0438 \u043a\u043e\u0458\u0430 \u043f\u0440\u0443\u0436\u0430 \u043f\u0435\u0440\u0438\u043e\u0434\u0438\u0447\u043d\u0435 \u0438 \u043f\u043e\u0443\u0437\u0434\u0430\u043d\u0435 \u043f\u043e\u0434\u0430\u0442\u043a\u0435 \u043e \u043f\u043e\u0442\u0435\u043d\u0446\u0438\u0458\u0430\u043b\u043d\u043e \u043e\u043f\u0430\u0441\u043d\u0438\u043c \u0437\u0430\u0433\u0430\u0452\u0443\u0458\u0443\u045b\u0438\u043c \u043c\u0430\u0442\u0435\u0440\u0438\u0458\u0430\u043c\u0430 \u043a\u043e\u0458\u0435 \u0441\u0435 \u0438\u0441\u043f\u0443\u0448\u0442\u0430\u0458\u0443 \u0443 \u0432\u0430\u0437\u0434\u0443\u0445, \u0432\u043e\u0434\u0443 \u0438 \u0437\u0435\u043c\u0459\u0438\u0448\u0442\u0435 \u0438 \u043f\u0440\u0435\u043d\u043e\u0441\u0435 \u0432\u0430\u043d \u043b\u043e\u043a\u0430\u0446\u0438\u0458\u0435 \u0440\u0430\u0434\u0438 \u0442\u0440\u0435\u0442\u043c\u0430\u043d\u0430 \u0438\u043b\u0438 \u043e\u0434\u043b\u0430\u0433\u0430\u045a\u0430. PRTR \u0458\u0435 \u0434\u0435\u0444\u0438\u043d\u0438\u0441\u0430\u043d \u043c\u0435\u0452\u0443\u043d\u0430\u0440\u043e\u0434\u043d\u0438\u043c \u0443\u0433\u043e\u0432\u043e\u0440\u043e\u043c (PRTR \u041f\u0440\u043e\u0442\u043e\u043a\u043e\u043b) \u043a\u043e\u0458\u0438 \u0458\u0435 \u0443\u0441\u0432\u043e\u0458\u0435\u043d \u043d\u0430 \u041f\u0435\u0442\u043e\u0458 \u043c\u0438\u043d\u0438\u0441\u0442\u0430\u0440\u0441\u043a\u043e\u0458 \u043a\u043e\u043d\u0444\u0435\u0440\u0435\u043d\u0446\u0438\u0458\u0438 \u201e\u0416\u0438\u0432\u043e\u0442\u043d\u0430 \u0441\u0440\u0435\u0434\u0438\u043d\u0430 [&hellip;]\" \/>\n<meta property=\"og:url\" content=\"https:\/\/prtrportal.rhmzrs.com\/sr-lat\/prtr\/\" \/>\n<meta property=\"og:site_name\" content=\"prtr.domgrid.com\" \/>\n<meta property=\"article:modified_time\" content=\"2026-03-31T12:06:38+00:00\" \/>\n<meta name=\"twitter:card\" content=\"summary_large_image\" \/>\n<meta name=\"twitter:label1\" content=\"Est. reading time\" \/>\n\t<meta name=\"twitter:data1\" content=\"3 minutes\" \/>\n<script type=\"application\/ld+json\" class=\"yoast-schema-graph\">{\"@context\":\"https:\\\/\\\/schema.org\",\"@graph\":[{\"@type\":\"WebPage\",\"@id\":\"https:\\\/\\\/prtrportal.rhmzrs.com\\\/prtr\\\/\",\"url\":\"https:\\\/\\\/prtrportal.rhmzrs.com\\\/prtr\\\/\",\"name\":\"Prtr - prtr.domgrid.com\",\"isPartOf\":{\"@id\":\"https:\\\/\\\/prtrportal.rhmzrs.com\\\/#website\"},\"datePublished\":\"2026-02-10T14:47:56+00:00\",\"dateModified\":\"2026-03-31T12:06:38+00:00\",\"breadcrumb\":{\"@id\":\"https:\\\/\\\/prtrportal.rhmzrs.com\\\/prtr\\\/#breadcrumb\"},\"inLanguage\":\"sr-Latn-RS\",\"potentialAction\":[{\"@type\":\"ReadAction\",\"target\":[\"https:\\\/\\\/prtrportal.rhmzrs.com\\\/prtr\\\/\"]}]},{\"@type\":\"BreadcrumbList\",\"@id\":\"https:\\\/\\\/prtrportal.rhmzrs.com\\\/prtr\\\/#breadcrumb\",\"itemListElement\":[{\"@type\":\"ListItem\",\"position\":1,\"name\":\"Po\u010detna\",\"item\":\"https:\\\/\\\/prtrportal.rhmzrs.com\\\/\"},{\"@type\":\"ListItem\",\"position\":2,\"name\":\"Prtr\"}]},{\"@type\":\"WebSite\",\"@id\":\"https:\\\/\\\/prtrportal.rhmzrs.com\\\/#website\",\"url\":\"https:\\\/\\\/prtrportal.rhmzrs.com\\\/\",\"name\":\"prtr.domgrid.com\",\"description\":\"Registar ispustanja i prenosa zaga\u0111uju\u0107ih materija\",\"potentialAction\":[{\"@type\":\"SearchAction\",\"target\":{\"@type\":\"EntryPoint\",\"urlTemplate\":\"https:\\\/\\\/prtrportal.rhmzrs.com\\\/?s={search_term_string}\"},\"query-input\":{\"@type\":\"PropertyValueSpecification\",\"valueRequired\":true,\"valueName\":\"search_term_string\"}}],\"inLanguage\":\"sr-Latn-RS\"}]}<\/script>\n<!-- \/ Yoast SEO plugin. -->","yoast_head_json":{"title":"Prtr - prtr.domgrid.com","robots":{"index":"index","follow":"follow","max-snippet":"max-snippet:-1","max-image-preview":"max-image-preview:large","max-video-preview":"max-video-preview:-1"},"canonical":"https:\/\/prtrportal.rhmzrs.com\/sr-lat\/prtr\/","og_locale":"en_US","og_type":"article","og_title":"Prtr - prtr.domgrid.com","og_description":"\u0428\u0442\u0430 \u0458\u0435 \u041f\u0420\u0422\u0420? PRTR \u0458\u0435 \u0458\u0430\u0432\u043d\u043e \u0434\u043e\u0441\u0442\u0443\u043f\u043d\u0430 \u0431\u0430\u0437\u0430 \u043f\u043e\u0434\u0430\u0442\u0430\u043a\u0430 \u043e \u0436\u0438\u0432\u043e\u0442\u043d\u043e\u0458 \u0441\u0440\u0435\u0434\u0438\u043d\u0438 \u043a\u043e\u0458\u0430 \u043f\u0440\u0443\u0436\u0430 \u043f\u0435\u0440\u0438\u043e\u0434\u0438\u0447\u043d\u0435 \u0438 \u043f\u043e\u0443\u0437\u0434\u0430\u043d\u0435 \u043f\u043e\u0434\u0430\u0442\u043a\u0435 \u043e \u043f\u043e\u0442\u0435\u043d\u0446\u0438\u0458\u0430\u043b\u043d\u043e \u043e\u043f\u0430\u0441\u043d\u0438\u043c \u0437\u0430\u0433\u0430\u0452\u0443\u0458\u0443\u045b\u0438\u043c \u043c\u0430\u0442\u0435\u0440\u0438\u0458\u0430\u043c\u0430 \u043a\u043e\u0458\u0435 \u0441\u0435 \u0438\u0441\u043f\u0443\u0448\u0442\u0430\u0458\u0443 \u0443 \u0432\u0430\u0437\u0434\u0443\u0445, \u0432\u043e\u0434\u0443 \u0438 \u0437\u0435\u043c\u0459\u0438\u0448\u0442\u0435 \u0438 \u043f\u0440\u0435\u043d\u043e\u0441\u0435 \u0432\u0430\u043d \u043b\u043e\u043a\u0430\u0446\u0438\u0458\u0435 \u0440\u0430\u0434\u0438 \u0442\u0440\u0435\u0442\u043c\u0430\u043d\u0430 \u0438\u043b\u0438 \u043e\u0434\u043b\u0430\u0433\u0430\u045a\u0430. PRTR \u0458\u0435 \u0434\u0435\u0444\u0438\u043d\u0438\u0441\u0430\u043d \u043c\u0435\u0452\u0443\u043d\u0430\u0440\u043e\u0434\u043d\u0438\u043c \u0443\u0433\u043e\u0432\u043e\u0440\u043e\u043c (PRTR \u041f\u0440\u043e\u0442\u043e\u043a\u043e\u043b) \u043a\u043e\u0458\u0438 \u0458\u0435 \u0443\u0441\u0432\u043e\u0458\u0435\u043d \u043d\u0430 \u041f\u0435\u0442\u043e\u0458 \u043c\u0438\u043d\u0438\u0441\u0442\u0430\u0440\u0441\u043a\u043e\u0458 \u043a\u043e\u043d\u0444\u0435\u0440\u0435\u043d\u0446\u0438\u0458\u0438 \u201e\u0416\u0438\u0432\u043e\u0442\u043d\u0430 \u0441\u0440\u0435\u0434\u0438\u043d\u0430 [&hellip;]","og_url":"https:\/\/prtrportal.rhmzrs.com\/sr-lat\/prtr\/","og_site_name":"prtr.domgrid.com","article_modified_time":"2026-03-31T12:06:38+00:00","twitter_card":"summary_large_image","twitter_misc":{"Est. reading time":"3 minutes"},"schema":{"@context":"https:\/\/schema.org","@graph":[{"@type":"WebPage","@id":"https:\/\/prtrportal.rhmzrs.com\/prtr\/","url":"https:\/\/prtrportal.rhmzrs.com\/prtr\/","name":"Prtr - prtr.domgrid.com","isPartOf":{"@id":"https:\/\/prtrportal.rhmzrs.com\/#website"},"datePublished":"2026-02-10T14:47:56+00:00","dateModified":"2026-03-31T12:06:38+00:00","breadcrumb":{"@id":"https:\/\/prtrportal.rhmzrs.com\/prtr\/#breadcrumb"},"inLanguage":"sr-Latn-RS","potentialAction":[{"@type":"ReadAction","target":["https:\/\/prtrportal.rhmzrs.com\/prtr\/"]}]},{"@type":"BreadcrumbList","@id":"https:\/\/prtrportal.rhmzrs.com\/prtr\/#breadcrumb","itemListElement":[{"@type":"ListItem","position":1,"name":"Po\u010detna","item":"https:\/\/prtrportal.rhmzrs.com\/"},{"@type":"ListItem","position":2,"name":"Prtr"}]},{"@type":"WebSite","@id":"https:\/\/prtrportal.rhmzrs.com\/#website","url":"https:\/\/prtrportal.rhmzrs.com\/","name":"prtr.domgrid.com","description":"Registar ispustanja i prenosa zaga\u0111uju\u0107ih materija","potentialAction":[{"@type":"SearchAction","target":{"@type":"EntryPoint","urlTemplate":"https:\/\/prtrportal.rhmzrs.com\/?s={search_term_string}"},"query-input":{"@type":"PropertyValueSpecification","valueRequired":true,"valueName":"search_term_string"}}],"inLanguage":"sr-Latn-RS"}]}},"_links":{"self":[{"href":"https:\/\/prtrportal.rhmzrs.com\/sr-lat\/wp-json\/wp\/v2\/pages\/54","targetHints":{"allow":["GET"]}}],"collection":[{"href":"https:\/\/prtrportal.rhmzrs.com\/sr-lat\/wp-json\/wp\/v2\/pages"}],"about":[{"href":"https:\/\/prtrportal.rhmzrs.com\/sr-lat\/wp-json\/wp\/v2\/types\/page"}],"author":[{"embeddable":true,"href":"https:\/\/prtrportal.rhmzrs.com\/sr-lat\/wp-json\/wp\/v2\/users\/1"}],"replies":[{"embeddable":true,"href":"https:\/\/prtrportal.rhmzrs.com\/sr-lat\/wp-json\/wp\/v2\/comments?post=54"}],"version-history":[{"count":61,"href":"https:\/\/prtrportal.rhmzrs.com\/sr-lat\/wp-json\/wp\/v2\/pages\/54\/revisions"}],"predecessor-version":[{"id":1467,"href":"https:\/\/prtrportal.rhmzrs.com\/sr-lat\/wp-json\/wp\/v2\/pages\/54\/revisions\/1467"}],"wp:attachment":[{"href":"https:\/\/prtrportal.rhmzrs.com\/sr-lat\/wp-json\/wp\/v2\/media?parent=54"}],"curies":[{"name":"wp","href":"https:\/\/api.w.org\/{rel}","templated":true}]}}