{"id":166,"date":"2026-02-10T19:51:19","date_gmt":"2026-02-10T19:51:19","guid":{"rendered":"https:\/\/prtrportal.rhmzrs.com\/?page_id=166"},"modified":"2026-05-04T21:04:37","modified_gmt":"2026-05-04T21:04:37","slug":"pocetna","status":"publish","type":"page","link":"https:\/\/prtrportal.rhmzrs.com\/sr-lat\/","title":{"rendered":"Po\u010detna"},"content":{"rendered":"<div data-elementor-type=\"wp-page\" data-elementor-id=\"166\" class=\"elementor elementor-166\" data-elementor-post-type=\"page\">\n\t\t\t\t<div class=\"elementor-element elementor-element-058ba5a e-flex e-con-boxed e-con e-parent\" data-id=\"058ba5a\" data-element_type=\"container\" data-e-type=\"container\">\n\t\t\t\t\t<div class=\"e-con-inner\">\n\t\t<div class=\"elementor-element elementor-element-46328fe e-con-full e-flex e-con e-child\" data-id=\"46328fe\" data-element_type=\"container\" data-e-type=\"container\">\n\t\t\t\t<div class=\"elementor-element elementor-element-0effc1f elementor-widget elementor-widget-heading\" data-id=\"0effc1f\" data-element_type=\"widget\" data-e-type=\"widget\" data-widget_type=\"heading.default\">\n\t\t\t\t\t<h2 class=\"elementor-heading-title elementor-size-default\">Po\u0161tovani Korisnici,<\/h2>\t\t\t\t<\/div>\n\t\t\t\t<div class=\"elementor-element elementor-element-7bf89d3 elementor-widget elementor-widget-text-editor\" data-id=\"7bf89d3\" data-element_type=\"widget\" data-e-type=\"widget\" data-widget_type=\"text-editor.default\">\n\t\t\t\t\t\t\t\t\t<p>Registar ispu\u0161tanja i prenosa zaga\u0111uju\u0107ih materija (PRTR) predstavlja skup sistematizovanih podataka o ispu\u0161tanju zaga\u0111uju\u0107ih materija u vazduh, vodu i zemlji\u0161te, podataka o upravljanju otpadom, prenosu zaga\u0111uju\u0107ih materija van mjesta nastanka i ispu\u0161tanju zaga\u0111uju\u0107ih materija iz difuznih izvora. Registar ispu\u0161tanja i prenosa zaga\u0111uju\u0107ih materija Republike Srpske vodi Republi\u010dki hidrometeorolo\u0161ki zavod, u skladu sa Zakonom o za\u0161titi \u017eivotne sredine (\u201cSlu\u017ebeni glasnik Republike Srpske\u201d, br. 71\/12, 79\/15 i 70\/20) i Pravilnikom o Registru ispu\u0161tanja i prenosa zaga\u0111uju\u0107ih materija iz postrojenja (\u201cSlu\u017ebeni glasnik Republike Srpske\u201d, br. 55\/23).<\/p><p>Protokol o registru ispu\u0161tanja i prenosa zaga\u0111uju\u0107ih materija (PRTR-Protocol on pollutant release and transfer register) je poseban me\u0111unarodni ugovor usvojen na Petoj ministarskoj konferenciji \u201e\u017divotna sredina za Evropu\u201c, odr\u017eanoj u Kijevu 2003. godine i predstavlja me\u0111unarodni ugovor razvijen u okviru Arhuske konvencije (Konvencija o pristupu informacijama, u\u010de\u0161\u0107u javnosti u odlu\u010divanju i pristupu pravdi u pitanjima \u017eivotne sredine). Pristupanjem Bosne i Hercegovine PRTR protokolu 2003. godine, Republika Srpska je implementirala odredbe PRTR protokola i E-PRTR direktive u svoje zakonodavstvo.<\/p><p>Cilj ovog Protokola je unapre\u0111enje pristupa javnosti informacijama uspostavom jedinstvenih, cjelovitih registara ispu\u0161tanja i prenosa zaga\u0111uju\u0107ih materija u skladu sa odredbama ovog Protokola, \u010dime bi se moglo olak\u0161ati u\u010de\u0161\u0107e javnosti u odlu\u010divanju o \u017eivotnoj sredini te doprinijeti spre\u010davanju i smanjenju zaga\u0111enja \u017eivotne sredine.<\/p>\t\t\t\t\t\t\t\t<\/div>\n\t\t\t\t<div class=\"elementor-element elementor-element-f58a5a6 elementor-widget elementor-widget-heading\" data-id=\"f58a5a6\" data-element_type=\"widget\" data-e-type=\"widget\" data-widget_type=\"heading.default\">\n\t\t\t\t\t<h5 class=\"elementor-heading-title elementor-size-default\">Mapa aktivnih postrojenja u PRTR registru<\/h5>\t\t\t\t<\/div>\n\t\t\t\t<div class=\"elementor-element elementor-element-3695d6d elementor-widget elementor-widget-html\" data-id=\"3695d6d\" data-element_type=\"widget\" data-e-type=\"widget\" data-widget_type=\"html.default\">\n\t\t\t\t\t<iframe \r\n  src=\"https:\/\/js.gissolutions.rs\/p\/r\/facility\/index.html\" \r\n  width=\"100%\" \r\n  height=\"600\" \r\n  frameborder=\"0\"\r\n  style=\"border:none;\">\r\n<\/iframe>\t\t\t\t<\/div>\n\t\t\t\t<\/div>\n\t\t<div class=\"elementor-element elementor-element-f136255 e-con-full e-flex e-con e-child\" data-id=\"f136255\" data-element_type=\"container\" data-e-type=\"container\">\n\t\t\t\t<div class=\"elementor-element elementor-element-76819f2 elementor-widget elementor-widget-sidebar\" data-id=\"76819f2\" data-element_type=\"widget\" data-e-type=\"widget\" data-widget_type=\"sidebar.default\">\n\t\t\t\t\t<div class=\"widget\">\t\t<div data-elementor-type=\"single-page\" data-elementor-id=\"113\" class=\"elementor elementor-113\" data-elementor-post-type=\"elementor_library\">\n\t\t\t<div class=\"elementor-element elementor-element-d34138c e-flex e-con-boxed e-con e-parent\" data-id=\"d34138c\" data-element_type=\"container\" data-e-type=\"container\" data-settings=\"{&quot;background_background&quot;:&quot;classic&quot;}\">\n\t\t\t\t\t<div class=\"e-con-inner\">\n\t\t\t\t<div class=\"elementor-element elementor-element-3553a24 elementor-widget elementor-widget-image\" data-id=\"3553a24\" data-element_type=\"widget\" data-e-type=\"widget\" data-widget_type=\"image.default\">\n\t\t\t\t\t\t\t\t\t\t\t\t\t\t\t<img fetchpriority=\"high\" decoding=\"async\" width=\"1024\" height=\"1024\" src=\"https:\/\/prtrportal.rhmzrs.com\/wp-content\/uploads\/2026\/02\/right_picture.jpg\" class=\"attachment-full size-full wp-image-107\" alt=\"\" srcset=\"https:\/\/prtrportal.rhmzrs.com\/wp-content\/uploads\/2026\/02\/right_picture.jpg 1024w, https:\/\/prtrportal.rhmzrs.com\/wp-content\/uploads\/2026\/02\/right_picture-300x300.jpg 300w, https:\/\/prtrportal.rhmzrs.com\/wp-content\/uploads\/2026\/02\/right_picture-150x150.jpg 150w, https:\/\/prtrportal.rhmzrs.com\/wp-content\/uploads\/2026\/02\/right_picture-768x768.jpg 768w, https:\/\/prtrportal.rhmzrs.com\/wp-content\/uploads\/2026\/02\/right_picture-12x12.jpg 12w\" sizes=\"(max-width: 1024px) 100vw, 1024px\" \/>\t\t\t\t\t\t\t\t\t\t\t\t\t\t\t<\/div>\n\t\t\t\t<div class=\"elementor-element elementor-element-ccc576a elementor-align-center elementor-widget elementor-widget-button\" data-id=\"ccc576a\" data-element_type=\"widget\" data-e-type=\"widget\" data-widget_type=\"button.default\">\n\t\t\t\t\t\t\t\t\t\t<a class=\"elementor-button elementor-button-link elementor-size-sm\" href=\"https:\/\/prtr.rhmzrs.com\/\">\n\t\t\t\t\t\t<span class=\"elementor-button-content-wrapper\">\n\t\t\t\t\t\t\t\t\t<span class=\"elementor-button-text\">Prijava u PRTR<\/span>\n\t\t\t\t\t<\/span>\n\t\t\t\t\t<\/a>\n\t\t\t\t\t\t\t\t<\/div>\n\t\t\t\t<div class=\"elementor-element elementor-element-7db9f19 elementor-widget-tablet__width-initial elementor-widget elementor-widget-text-editor\" data-id=\"7db9f19\" data-element_type=\"widget\" data-e-type=\"widget\" data-widget_type=\"text-editor.default\">\n\t\t\t\t\t\t\t\t\t<p>PRTR :<\/p>\n<p>Kontakt telefon:<br><span style=\"text-decoration: underline;\"><a href=\"tel:+387-(0)51-346492\">+387-(0)51-346492;<\/a><\/span><br><span style=\"text-decoration: underline;\"><a href=\"tel:+387-(0)65-089688\">+387-(0)65-089688<\/a><\/span><\/p>\n<p>email: <a href=\"mailto:prtrrs@rhmzrs.com\"><span style=\"text-decoration: underline;\">prtrrs@rhmzrs.com<\/span><\/a><\/p>\t\t\t\t\t\t\t\t<\/div>\n\t\t\t\t\t<\/div>\n\t\t\t\t<\/div>\n\t\t\t\t<\/div>\n\t\t<\/div>\t\t\t\t<\/div>\n\t\t\t\t<\/div>\n\t\t\t\t\t<\/div>\n\t\t\t\t<\/div>\n\t\t\t\t<\/div>","protected":false},"excerpt":{"rendered":"<p>\u041f\u043e\u0448\u0442\u043e\u0432\u0430\u043d\u0438 \u041a\u043e\u0440\u0438\u0441\u043d\u0438\u0446\u0438, \u0420\u0435\u0433\u0438\u0441\u0442\u0430\u0440 \u0438\u0441\u043f\u0443\u0448\u0442\u0430\u045a\u0430 \u0438 \u043f\u0440\u0435\u043d\u043e\u0441\u0430 \u0437\u0430\u0433\u0430\u0452\u0443\u0458\u0443\u045b\u0438\u0445 \u043c\u0430\u0442\u0435\u0440\u0438\u0458\u0430 (PRTR) \u043f\u0440\u0435\u0434\u0441\u0442\u0430\u0432\u0459\u0430 \u0441\u043a\u0443\u043f \u0441\u0438\u0441\u0442\u0435\u043c\u0430\u0442\u0438\u0437\u043e\u0432\u0430\u043d\u0438\u0445 \u043f\u043e\u0434\u0430\u0442\u0430\u043a\u0430 \u043e \u0438\u0441\u043f\u0443\u0448\u0442\u0430\u045a\u0443 \u0437\u0430\u0433\u0430\u0452\u0443\u0458\u0443\u045b\u0438\u0445 \u043c\u0430\u0442\u0435\u0440\u0438\u0458\u0430 \u0443 \u0432\u0430\u0437\u0434\u0443\u0445, \u0432\u043e\u0434\u0443 \u0438 \u0437\u0435\u043c\u0459\u0438\u0448\u0442\u0435, \u043f\u043e\u0434\u0430\u0442\u0430\u043a\u0430 \u043e \u0443\u043f\u0440\u0430\u0432\u0459\u0430\u045a\u0443 \u043e\u0442\u043f\u0430\u0434\u043e\u043c, \u043f\u0440\u0435\u043d\u043e\u0441\u0443 \u0437\u0430\u0433\u0430\u0452\u0443\u0458\u0443\u045b\u0438\u0445 \u043c\u0430\u0442\u0435\u0440\u0438\u0458\u0430 \u0432\u0430\u043d \u043c\u0458\u0435\u0441\u0442\u0430 \u043d\u0430\u0441\u0442\u0430\u043d\u043a\u0430 \u0438 \u0438\u0441\u043f\u0443\u0448\u0442\u0430\u045a\u0443 \u0437\u0430\u0433\u0430\u0452\u0443\u0458\u0443\u045b\u0438\u0445 \u043c\u0430\u0442\u0435\u0440\u0438\u0458\u0430 \u0438\u0437 \u0434\u0438\u0444\u0443\u0437\u043d\u0438\u0445 \u0438\u0437\u0432\u043e\u0440\u0430. \u0420\u0435\u0433\u0438\u0441\u0442\u0430\u0440 \u0438\u0441\u043f\u0443\u0448\u0442\u0430\u045a\u0430 \u0438 \u043f\u0440\u0435\u043d\u043e\u0441\u0430 \u0437\u0430\u0433\u0430\u0452\u0443\u0458\u0443\u045b\u0438\u0445 \u043c\u0430\u0442\u0435\u0440\u0438\u0458\u0430 \u0420\u0435\u043f\u0443\u0431\u043b\u0438\u043a\u0435 \u0421\u0440\u043f\u0441\u043a\u0435 \u0432\u043e\u0434\u0438 \u0420\u0435\u043f\u0443\u0431\u043b\u0438\u0447\u043a\u0438 \u0445\u0438\u0434\u0440\u043e\u043c\u0435\u0442\u0435\u043e\u0440\u043e\u043b\u043e\u0448\u043a\u0438 \u0437\u0430\u0432\u043e\u0434, \u0443 \u0441\u043a\u043b\u0430\u0434\u0443 \u0441\u0430 \u0417\u0430\u043a\u043e\u043d\u043e\u043c [&hellip;]<\/p>\n","protected":false},"author":1,"featured_media":0,"parent":0,"menu_order":0,"comment_status":"closed","ping_status":"closed","template":"elementor_header_footer","meta":{"footnotes":""},"class_list":["post-166","page","type-page","status-publish","hentry"],"yoast_head":"<!-- This site is optimized with the Yoast SEO plugin v27.3 - https:\/\/yoast.com\/product\/yoast-seo-wordpress\/ -->\n<title>Po\u010detna - prtr.domgrid.com<\/title>\n<meta name=\"robots\" content=\"index, follow, max-snippet:-1, max-image-preview:large, max-video-preview:-1\" \/>\n<link rel=\"canonical\" href=\"https:\/\/prtrportal.rhmzrs.com\/sr-lat\/\" \/>\n<meta property=\"og:locale\" content=\"en_US\" \/>\n<meta property=\"og:type\" content=\"article\" \/>\n<meta property=\"og:title\" content=\"Po\u010detna - prtr.domgrid.com\" \/>\n<meta property=\"og:description\" content=\"\u041f\u043e\u0448\u0442\u043e\u0432\u0430\u043d\u0438 \u041a\u043e\u0440\u0438\u0441\u043d\u0438\u0446\u0438, \u0420\u0435\u0433\u0438\u0441\u0442\u0430\u0440 \u0438\u0441\u043f\u0443\u0448\u0442\u0430\u045a\u0430 \u0438 \u043f\u0440\u0435\u043d\u043e\u0441\u0430 \u0437\u0430\u0433\u0430\u0452\u0443\u0458\u0443\u045b\u0438\u0445 \u043c\u0430\u0442\u0435\u0440\u0438\u0458\u0430 (PRTR) \u043f\u0440\u0435\u0434\u0441\u0442\u0430\u0432\u0459\u0430 \u0441\u043a\u0443\u043f \u0441\u0438\u0441\u0442\u0435\u043c\u0430\u0442\u0438\u0437\u043e\u0432\u0430\u043d\u0438\u0445 \u043f\u043e\u0434\u0430\u0442\u0430\u043a\u0430 \u043e \u0438\u0441\u043f\u0443\u0448\u0442\u0430\u045a\u0443 \u0437\u0430\u0433\u0430\u0452\u0443\u0458\u0443\u045b\u0438\u0445 \u043c\u0430\u0442\u0435\u0440\u0438\u0458\u0430 \u0443 \u0432\u0430\u0437\u0434\u0443\u0445, \u0432\u043e\u0434\u0443 \u0438 \u0437\u0435\u043c\u0459\u0438\u0448\u0442\u0435, \u043f\u043e\u0434\u0430\u0442\u0430\u043a\u0430 \u043e \u0443\u043f\u0440\u0430\u0432\u0459\u0430\u045a\u0443 \u043e\u0442\u043f\u0430\u0434\u043e\u043c, \u043f\u0440\u0435\u043d\u043e\u0441\u0443 \u0437\u0430\u0433\u0430\u0452\u0443\u0458\u0443\u045b\u0438\u0445 \u043c\u0430\u0442\u0435\u0440\u0438\u0458\u0430 \u0432\u0430\u043d \u043c\u0458\u0435\u0441\u0442\u0430 \u043d\u0430\u0441\u0442\u0430\u043d\u043a\u0430 \u0438 \u0438\u0441\u043f\u0443\u0448\u0442\u0430\u045a\u0443 \u0437\u0430\u0433\u0430\u0452\u0443\u0458\u0443\u045b\u0438\u0445 \u043c\u0430\u0442\u0435\u0440\u0438\u0458\u0430 \u0438\u0437 \u0434\u0438\u0444\u0443\u0437\u043d\u0438\u0445 \u0438\u0437\u0432\u043e\u0440\u0430. \u0420\u0435\u0433\u0438\u0441\u0442\u0430\u0440 \u0438\u0441\u043f\u0443\u0448\u0442\u0430\u045a\u0430 \u0438 \u043f\u0440\u0435\u043d\u043e\u0441\u0430 \u0437\u0430\u0433\u0430\u0452\u0443\u0458\u0443\u045b\u0438\u0445 \u043c\u0430\u0442\u0435\u0440\u0438\u0458\u0430 \u0420\u0435\u043f\u0443\u0431\u043b\u0438\u043a\u0435 \u0421\u0440\u043f\u0441\u043a\u0435 \u0432\u043e\u0434\u0438 \u0420\u0435\u043f\u0443\u0431\u043b\u0438\u0447\u043a\u0438 \u0445\u0438\u0434\u0440\u043e\u043c\u0435\u0442\u0435\u043e\u0440\u043e\u043b\u043e\u0448\u043a\u0438 \u0437\u0430\u0432\u043e\u0434, \u0443 \u0441\u043a\u043b\u0430\u0434\u0443 \u0441\u0430 \u0417\u0430\u043a\u043e\u043d\u043e\u043c [&hellip;]\" \/>\n<meta property=\"og:url\" content=\"https:\/\/prtrportal.rhmzrs.com\/sr-lat\/\" \/>\n<meta property=\"og:site_name\" content=\"prtr.domgrid.com\" \/>\n<meta property=\"article:modified_time\" content=\"2026-05-04T21:04:37+00:00\" \/>\n<meta name=\"twitter:card\" content=\"summary_large_image\" \/>\n<meta name=\"twitter:label1\" content=\"Est. reading time\" \/>\n\t<meta name=\"twitter:data1\" content=\"2 minutes\" \/>\n<script type=\"application\/ld+json\" class=\"yoast-schema-graph\">{\"@context\":\"https:\\\/\\\/schema.org\",\"@graph\":[{\"@type\":\"WebPage\",\"@id\":\"https:\\\/\\\/prtrportal.rhmzrs.com\\\/\",\"url\":\"https:\\\/\\\/prtrportal.rhmzrs.com\\\/\",\"name\":\"Po\u010detna - prtr.domgrid.com\",\"isPartOf\":{\"@id\":\"https:\\\/\\\/prtrportal.rhmzrs.com\\\/#website\"},\"datePublished\":\"2026-02-10T19:51:19+00:00\",\"dateModified\":\"2026-05-04T21:04:37+00:00\",\"breadcrumb\":{\"@id\":\"https:\\\/\\\/prtrportal.rhmzrs.com\\\/#breadcrumb\"},\"inLanguage\":\"sr-Latn-RS\",\"potentialAction\":[{\"@type\":\"ReadAction\",\"target\":[\"https:\\\/\\\/prtrportal.rhmzrs.com\\\/\"]}]},{\"@type\":\"BreadcrumbList\",\"@id\":\"https:\\\/\\\/prtrportal.rhmzrs.com\\\/#breadcrumb\",\"itemListElement\":[{\"@type\":\"ListItem\",\"position\":1,\"name\":\"Po\u010detna\",\"item\":\"https:\\\/\\\/prtrportal.rhmzrs.com\\\/\"},{\"@type\":\"ListItem\",\"position\":2,\"name\":\"Po\u010detna\"}]},{\"@type\":\"WebSite\",\"@id\":\"https:\\\/\\\/prtrportal.rhmzrs.com\\\/#website\",\"url\":\"https:\\\/\\\/prtrportal.rhmzrs.com\\\/\",\"name\":\"prtr.domgrid.com\",\"description\":\"Registar ispustanja i prenosa zaga\u0111uju\u0107ih materija\",\"potentialAction\":[{\"@type\":\"SearchAction\",\"target\":{\"@type\":\"EntryPoint\",\"urlTemplate\":\"https:\\\/\\\/prtrportal.rhmzrs.com\\\/?s={search_term_string}\"},\"query-input\":{\"@type\":\"PropertyValueSpecification\",\"valueRequired\":true,\"valueName\":\"search_term_string\"}}],\"inLanguage\":\"sr-Latn-RS\"}]}<\/script>\n<!-- \/ Yoast SEO plugin. -->","yoast_head_json":{"title":"Po\u010detna - prtr.domgrid.com","robots":{"index":"index","follow":"follow","max-snippet":"max-snippet:-1","max-image-preview":"max-image-preview:large","max-video-preview":"max-video-preview:-1"},"canonical":"https:\/\/prtrportal.rhmzrs.com\/sr-lat\/","og_locale":"en_US","og_type":"article","og_title":"Po\u010detna - prtr.domgrid.com","og_description":"\u041f\u043e\u0448\u0442\u043e\u0432\u0430\u043d\u0438 \u041a\u043e\u0440\u0438\u0441\u043d\u0438\u0446\u0438, \u0420\u0435\u0433\u0438\u0441\u0442\u0430\u0440 \u0438\u0441\u043f\u0443\u0448\u0442\u0430\u045a\u0430 \u0438 \u043f\u0440\u0435\u043d\u043e\u0441\u0430 \u0437\u0430\u0433\u0430\u0452\u0443\u0458\u0443\u045b\u0438\u0445 \u043c\u0430\u0442\u0435\u0440\u0438\u0458\u0430 (PRTR) \u043f\u0440\u0435\u0434\u0441\u0442\u0430\u0432\u0459\u0430 \u0441\u043a\u0443\u043f \u0441\u0438\u0441\u0442\u0435\u043c\u0430\u0442\u0438\u0437\u043e\u0432\u0430\u043d\u0438\u0445 \u043f\u043e\u0434\u0430\u0442\u0430\u043a\u0430 \u043e \u0438\u0441\u043f\u0443\u0448\u0442\u0430\u045a\u0443 \u0437\u0430\u0433\u0430\u0452\u0443\u0458\u0443\u045b\u0438\u0445 \u043c\u0430\u0442\u0435\u0440\u0438\u0458\u0430 \u0443 \u0432\u0430\u0437\u0434\u0443\u0445, \u0432\u043e\u0434\u0443 \u0438 \u0437\u0435\u043c\u0459\u0438\u0448\u0442\u0435, \u043f\u043e\u0434\u0430\u0442\u0430\u043a\u0430 \u043e \u0443\u043f\u0440\u0430\u0432\u0459\u0430\u045a\u0443 \u043e\u0442\u043f\u0430\u0434\u043e\u043c, \u043f\u0440\u0435\u043d\u043e\u0441\u0443 \u0437\u0430\u0433\u0430\u0452\u0443\u0458\u0443\u045b\u0438\u0445 \u043c\u0430\u0442\u0435\u0440\u0438\u0458\u0430 \u0432\u0430\u043d \u043c\u0458\u0435\u0441\u0442\u0430 \u043d\u0430\u0441\u0442\u0430\u043d\u043a\u0430 \u0438 \u0438\u0441\u043f\u0443\u0448\u0442\u0430\u045a\u0443 \u0437\u0430\u0433\u0430\u0452\u0443\u0458\u0443\u045b\u0438\u0445 \u043c\u0430\u0442\u0435\u0440\u0438\u0458\u0430 \u0438\u0437 \u0434\u0438\u0444\u0443\u0437\u043d\u0438\u0445 \u0438\u0437\u0432\u043e\u0440\u0430. \u0420\u0435\u0433\u0438\u0441\u0442\u0430\u0440 \u0438\u0441\u043f\u0443\u0448\u0442\u0430\u045a\u0430 \u0438 \u043f\u0440\u0435\u043d\u043e\u0441\u0430 \u0437\u0430\u0433\u0430\u0452\u0443\u0458\u0443\u045b\u0438\u0445 \u043c\u0430\u0442\u0435\u0440\u0438\u0458\u0430 \u0420\u0435\u043f\u0443\u0431\u043b\u0438\u043a\u0435 \u0421\u0440\u043f\u0441\u043a\u0435 \u0432\u043e\u0434\u0438 \u0420\u0435\u043f\u0443\u0431\u043b\u0438\u0447\u043a\u0438 \u0445\u0438\u0434\u0440\u043e\u043c\u0435\u0442\u0435\u043e\u0440\u043e\u043b\u043e\u0448\u043a\u0438 \u0437\u0430\u0432\u043e\u0434, \u0443 \u0441\u043a\u043b\u0430\u0434\u0443 \u0441\u0430 \u0417\u0430\u043a\u043e\u043d\u043e\u043c [&hellip;]","og_url":"https:\/\/prtrportal.rhmzrs.com\/sr-lat\/","og_site_name":"prtr.domgrid.com","article_modified_time":"2026-05-04T21:04:37+00:00","twitter_card":"summary_large_image","twitter_misc":{"Est. reading time":"2 minutes"},"schema":{"@context":"https:\/\/schema.org","@graph":[{"@type":"WebPage","@id":"https:\/\/prtrportal.rhmzrs.com\/","url":"https:\/\/prtrportal.rhmzrs.com\/","name":"Po\u010detna - prtr.domgrid.com","isPartOf":{"@id":"https:\/\/prtrportal.rhmzrs.com\/#website"},"datePublished":"2026-02-10T19:51:19+00:00","dateModified":"2026-05-04T21:04:37+00:00","breadcrumb":{"@id":"https:\/\/prtrportal.rhmzrs.com\/#breadcrumb"},"inLanguage":"sr-Latn-RS","potentialAction":[{"@type":"ReadAction","target":["https:\/\/prtrportal.rhmzrs.com\/"]}]},{"@type":"BreadcrumbList","@id":"https:\/\/prtrportal.rhmzrs.com\/#breadcrumb","itemListElement":[{"@type":"ListItem","position":1,"name":"Po\u010detna","item":"https:\/\/prtrportal.rhmzrs.com\/"},{"@type":"ListItem","position":2,"name":"Po\u010detna"}]},{"@type":"WebSite","@id":"https:\/\/prtrportal.rhmzrs.com\/#website","url":"https:\/\/prtrportal.rhmzrs.com\/","name":"prtr.domgrid.com","description":"Registar ispustanja i prenosa zaga\u0111uju\u0107ih materija","potentialAction":[{"@type":"SearchAction","target":{"@type":"EntryPoint","urlTemplate":"https:\/\/prtrportal.rhmzrs.com\/?s={search_term_string}"},"query-input":{"@type":"PropertyValueSpecification","valueRequired":true,"valueName":"search_term_string"}}],"inLanguage":"sr-Latn-RS"}]}},"_links":{"self":[{"href":"https:\/\/prtrportal.rhmzrs.com\/sr-lat\/wp-json\/wp\/v2\/pages\/166","targetHints":{"allow":["GET"]}}],"collection":[{"href":"https:\/\/prtrportal.rhmzrs.com\/sr-lat\/wp-json\/wp\/v2\/pages"}],"about":[{"href":"https:\/\/prtrportal.rhmzrs.com\/sr-lat\/wp-json\/wp\/v2\/types\/page"}],"author":[{"embeddable":true,"href":"https:\/\/prtrportal.rhmzrs.com\/sr-lat\/wp-json\/wp\/v2\/users\/1"}],"replies":[{"embeddable":true,"href":"https:\/\/prtrportal.rhmzrs.com\/sr-lat\/wp-json\/wp\/v2\/comments?post=166"}],"version-history":[{"count":40,"href":"https:\/\/prtrportal.rhmzrs.com\/sr-lat\/wp-json\/wp\/v2\/pages\/166\/revisions"}],"predecessor-version":[{"id":1613,"href":"https:\/\/prtrportal.rhmzrs.com\/sr-lat\/wp-json\/wp\/v2\/pages\/166\/revisions\/1613"}],"wp:attachment":[{"href":"https:\/\/prtrportal.rhmzrs.com\/sr-lat\/wp-json\/wp\/v2\/media?parent=166"}],"curies":[{"name":"wp","href":"https:\/\/api.w.org\/{rel}","templated":true}]}}