{"id":147,"date":"2026-02-10T19:39:31","date_gmt":"2026-02-10T19:39:31","guid":{"rendered":"https:\/\/prtrportal.rhmzrs.com\/?page_id=147"},"modified":"2026-03-31T18:44:02","modified_gmt":"2026-03-31T18:44:02","slug":"izvjestavanje","status":"publish","type":"page","link":"https:\/\/prtrportal.rhmzrs.com\/sr-lat\/izvjestavanje\/","title":{"rendered":"Operateri"},"content":{"rendered":"<div data-elementor-type=\"wp-page\" data-elementor-id=\"147\" class=\"elementor elementor-147\" data-elementor-post-type=\"page\">\n\t\t\t\t<div class=\"elementor-element elementor-element-80e91a9 e-flex e-con-boxed e-con e-parent\" data-id=\"80e91a9\" data-element_type=\"container\" data-e-type=\"container\">\n\t\t\t\t\t<div class=\"e-con-inner\">\n\t\t\t\t<div class=\"elementor-element elementor-element-f8797b3 elementor-widget elementor-widget-breadcrumbs\" data-id=\"f8797b3\" data-element_type=\"widget\" data-e-type=\"widget\" data-widget_type=\"breadcrumbs.default\">\n\t\t\t\t\t<p id=\"breadcrumbs\"><span><span><a href=\"https:\/\/prtrportal.rhmzrs.com\/sr-lat\/\">Po\u010detna<\/a><\/span><\/span><\/p>\t\t\t\t<\/div>\n\t\t\t\t\t<\/div>\n\t\t\t\t<\/div>\n\t\t<div class=\"elementor-element elementor-element-058ba5a e-flex e-con-boxed e-con e-parent\" data-id=\"058ba5a\" data-element_type=\"container\" data-e-type=\"container\">\n\t\t\t\t\t<div class=\"e-con-inner\">\n\t\t<div class=\"elementor-element elementor-element-3e3c25d e-con-full e-flex e-con e-child\" data-id=\"3e3c25d\" data-element_type=\"container\" data-e-type=\"container\">\n\t\t\t\t<div class=\"elementor-element elementor-element-a4b58a3 elementor-widget elementor-widget-sidebar\" data-id=\"a4b58a3\" data-element_type=\"widget\" data-e-type=\"widget\" data-widget_type=\"sidebar.default\">\n\t\t\t\t\t<div class=\"widget\">\n<p class=\"has-black-color has-text-color has-link-color wp-elements-335ba29e0f4257ad0ed0810997d55994\" style=\"text-decoration:underline\"><a href=\"https:\/\/prtrportal.rhmzrs.com\/sr-lat\/izvjestavanje\/korisnicka-uputstva\/\">Korisni\u010dka uputstva<\/a><\/p>\n<\/div><div class=\"widget\">\n<p class=\"has-black-color has-text-color has-link-color wp-elements-d127435bc6e357d32ddb975e7d5fb673\" style=\"text-decoration:underline\"><a href=\"https:\/\/prtrportal.rhmzrs.com\/sr-lat\/izvjestavanje\/najcesce-postavljana-pitanja\/\">Naj\u010de\u0161\u0107e postavljana pitanja<\/a><\/p>\n<\/div>\t\t\t\t<\/div>\n\t\t\t\t<\/div>\n\t\t<div class=\"elementor-element elementor-element-46328fe e-con-full e-flex e-con e-child\" data-id=\"46328fe\" data-element_type=\"container\" data-e-type=\"container\">\n\t\t\t\t<div class=\"elementor-element elementor-element-531d9eb elementor-widget elementor-widget-text-editor\" data-id=\"531d9eb\" data-element_type=\"widget\" data-e-type=\"widget\" data-widget_type=\"text-editor.default\">\n\t\t\t\t\t\t\t\t\t<p>Molimo postrojenja da dostave godi\u0161nje izvje\u0161taje o ispu\u0161tanju i prenosu zaga\u0111uju\u0107ih materija za 2025. godinu najkasnije do 31. marta 2026. godine<\/p>\t\t\t\t\t\t\t\t<\/div>\n\t\t\t\t<div class=\"elementor-element elementor-element-3574144 elementor-widget elementor-widget-heading\" data-id=\"3574144\" data-element_type=\"widget\" data-e-type=\"widget\" data-widget_type=\"heading.default\">\n\t\t\t\t\t<h2 class=\"elementor-heading-title elementor-size-default\">Izvje\u0161tavanje<\/h2>\t\t\t\t<\/div>\n\t\t\t\t<div class=\"elementor-element elementor-element-8847c3c elementor-widget elementor-widget-text-editor\" data-id=\"8847c3c\" data-element_type=\"widget\" data-e-type=\"widget\" data-widget_type=\"text-editor.default\">\n\t\t\t\t\t\t\t\t\t<p>Uspostavljanje i vo\u0111enje Registar ispu\u0161tanja i prenosa zaga\u0111uju\u0107ih materija Republike Srpske (PRTR) je definisano Zakonom o za\u0161titi \u017eivotne sredine (\u201eSlu\u017ebeni glasnik Republike Srpske\u201c, br. 71\/12), Zakonom o izmjenama i dopunama Zakona o za\u0161titi \u017eivotne sredine (\u201eSlu\u017ebeni glasnik Republike Srpske\u201c, br. 79\/15 i 70\/20) i Pravilnikom o Registru ispu\u0161tanja i prenosa zaga\u0111uju\u0107ih materija iz postrojenja (\u201eSlu\u017ebeni glasnik Republike Srpske\u201c, br. 55\/23). Republi\u010dki hidrometeorolo\u0161ki zavod Republike Srpske je nadle\u017ena institucija za vo\u0111enje Registra ispu\u0161tanja i prenosa zaga\u0111uju\u0107ih materija.<\/p><p>Odgovorno lice postrojenja, za koje je izdata ekolo\u0161ka dozvola, du\u017eno je da jednom godi\u0161nje dostavlja podatke o ispu\u0161tanju i prenosu zaga\u0111uju\u0107ih materija, najkasnije do 31. marta teku\u0107e godine za prethodnu kalendarsku godinu. Izvje\u0161tavanje se vr\u0161i putem web aplikacije, u skladu sa obrascima propisanim Pravilnikom o Registru ispu\u0161tanja i prenosa zaga\u0111uju\u0107ih materija iz postrojenja. Obavezu izvje\u0161tavanja imaju sljede\u0107e djelatnosti:<\/p><ul><li>energetski sektor,<\/li><li>proizvodnja i prerada metala,<\/li><li>mineralna industruja,<\/li><li>hemijska industrija,<\/li><li>upravljanje otpadom i otpadnim vodama,<\/li><li>proizvodnja papira i proizvoda od drveta i prerada,<\/li><li>intenzivna proizvodnja stoke i ribarstvo,<\/li><li>proizvodnja \u017eivotinjskih i biljnih proizvda iz prehrambenog sektora,<\/li><li>postrojenja za prethodnu obradu, postrojenja za \u0161tavljenje ko\u017ee, postrojenja za povr\u0161inski tretman materijala, predmeta ili proizvoda pomo\u0107u organskih rastvara\u010da, postrojenja za proizvodnju ugljenika ili elektrografita ili grafitizacijom, postrojenja za gradnju i farbanje ili skidanje boje sa brodova te ostale djelatnosti u skladu sa propisima.<\/li><\/ul><p>\u00a0<\/p><p>Podaci koji se dostavljaju u okviru godi\u0161njeg izvje\u0161taja obuhvataju op\u0161te podatke o izvoru zaga\u0111enja, podatke o emisijama u vazduh, zemlji\u0161te, podatke o otpadnim vodama i podatke o upravljanju otpadom.<\/p><p>Zavod vr\u0161i procjenu kvaliteta dostavljenih podataka, u smislu njihove potpunosti, dosljednosti i vjerodostojnosti te izra\u0111uje godi\u0161nje izvje\u0161taje o Registru, koje dostavlja Ministarstvu za prostorno ure\u0111enje, gra\u0111evinarstvo i ekologiju Republike Srpske.Zavod tako\u0111e vr\u0161i razmjenu podataka sa drugim subjektima iz oblasti za\u0161tite \u017eivotne sredine i izvje\u0161tava za Evropsku agenciju za za\u0161titu \u017eivotne sredine, u skladu sa preuzetim me\u0111unarodnim obavezama.<\/p>\t\t\t\t\t\t\t\t<\/div>\n\t\t\t\t<\/div>\n\t\t<div class=\"elementor-element elementor-element-f136255 e-con-full e-flex e-con e-child\" data-id=\"f136255\" data-element_type=\"container\" data-e-type=\"container\">\n\t\t\t\t<div class=\"elementor-element elementor-element-76819f2 elementor-widget elementor-widget-sidebar\" data-id=\"76819f2\" data-element_type=\"widget\" data-e-type=\"widget\" data-widget_type=\"sidebar.default\">\n\t\t\t\t\t<div class=\"widget\">\t\t<div data-elementor-type=\"single-page\" data-elementor-id=\"113\" class=\"elementor elementor-113\" data-elementor-post-type=\"elementor_library\">\n\t\t\t<div class=\"elementor-element elementor-element-d34138c e-flex e-con-boxed e-con e-parent\" data-id=\"d34138c\" data-element_type=\"container\" data-e-type=\"container\" data-settings=\"{&quot;background_background&quot;:&quot;classic&quot;}\">\n\t\t\t\t\t<div class=\"e-con-inner\">\n\t\t\t\t<div class=\"elementor-element elementor-element-3553a24 elementor-widget elementor-widget-image\" data-id=\"3553a24\" data-element_type=\"widget\" data-e-type=\"widget\" data-widget_type=\"image.default\">\n\t\t\t\t\t\t\t\t\t\t\t\t\t\t\t<img fetchpriority=\"high\" decoding=\"async\" width=\"1024\" height=\"1024\" src=\"https:\/\/prtrportal.rhmzrs.com\/wp-content\/uploads\/2026\/02\/right_picture.jpg\" class=\"attachment-full size-full wp-image-107\" alt=\"\" srcset=\"https:\/\/prtrportal.rhmzrs.com\/wp-content\/uploads\/2026\/02\/right_picture.jpg 1024w, https:\/\/prtrportal.rhmzrs.com\/wp-content\/uploads\/2026\/02\/right_picture-300x300.jpg 300w, https:\/\/prtrportal.rhmzrs.com\/wp-content\/uploads\/2026\/02\/right_picture-150x150.jpg 150w, https:\/\/prtrportal.rhmzrs.com\/wp-content\/uploads\/2026\/02\/right_picture-768x768.jpg 768w, https:\/\/prtrportal.rhmzrs.com\/wp-content\/uploads\/2026\/02\/right_picture-12x12.jpg 12w\" sizes=\"(max-width: 1024px) 100vw, 1024px\" \/>\t\t\t\t\t\t\t\t\t\t\t\t\t\t\t<\/div>\n\t\t\t\t<div class=\"elementor-element elementor-element-ccc576a elementor-align-center elementor-widget elementor-widget-button\" data-id=\"ccc576a\" data-element_type=\"widget\" data-e-type=\"widget\" data-widget_type=\"button.default\">\n\t\t\t\t\t\t\t\t\t\t<a class=\"elementor-button elementor-button-link elementor-size-sm\" href=\"https:\/\/prtr.rhmzrs.com\/\">\n\t\t\t\t\t\t<span class=\"elementor-button-content-wrapper\">\n\t\t\t\t\t\t\t\t\t<span class=\"elementor-button-text\">Prijava u PRTR<\/span>\n\t\t\t\t\t<\/span>\n\t\t\t\t\t<\/a>\n\t\t\t\t\t\t\t\t<\/div>\n\t\t\t\t<div class=\"elementor-element elementor-element-7db9f19 elementor-widget-tablet__width-initial elementor-widget elementor-widget-text-editor\" data-id=\"7db9f19\" data-element_type=\"widget\" data-e-type=\"widget\" data-widget_type=\"text-editor.default\">\n\t\t\t\t\t\t\t\t\t<p>PRTR :<\/p>\n<p>Kontakt telefon:<br><span style=\"text-decoration: underline;\"><a href=\"tel:+387-(0)51-346492\">+387-(0)51-346492;<\/a><\/span><br><span style=\"text-decoration: underline;\"><a href=\"tel:+387-(0)65-089688\">+387-(0)65-089688<\/a><\/span><\/p>\n<p>email: <a href=\"mailto:prtrrs@rhmzrs.com\"><span style=\"text-decoration: underline;\">prtrrs@rhmzrs.com<\/span><\/a><\/p>\t\t\t\t\t\t\t\t<\/div>\n\t\t\t\t\t<\/div>\n\t\t\t\t<\/div>\n\t\t\t\t<\/div>\n\t\t<\/div>\t\t\t\t<\/div>\n\t\t\t\t<\/div>\n\t\t\t\t\t<\/div>\n\t\t\t\t<\/div>\n\t\t\t\t<\/div>","protected":false},"excerpt":{"rendered":"<p>\u041c\u043e\u043b\u0438\u043c\u043e \u043f\u043e\u0441\u0442\u0440\u043e\u0458\u0435\u045a\u0430 \u0434\u0430 \u0434\u043e\u0441\u0442\u0430\u0432\u0435 \u0433\u043e\u0434\u0438\u0448\u045a\u0435 \u0438\u0437\u0432\u0458\u0435\u0448\u0442\u0430\u0458\u0435 \u043e \u0438\u0441\u043f\u0443\u0448\u0442\u0430\u045a\u0443 \u0438 \u043f\u0440\u0435\u043d\u043e\u0441\u0443 \u0437\u0430\u0433\u0430\u0452\u0443\u0458\u0443\u045b\u0438\u0445 \u043c\u0430\u0442\u0435\u0440\u0438\u0458\u0430 \u0437\u0430 2025. \u0433\u043e\u0434\u0438\u043d\u0443 \u043d\u0430\u0458\u043a\u0430\u0441\u043d\u0438\u0458\u0435 \u0434\u043e 31. \u043c\u0430\u0440\u0442\u0430 2026. \u0433\u043e\u0434\u0438\u043d\u0435. \u0418\u0437\u0432\u0435\u0448\u0442\u0430\u0432\u0430\u045a\u0435 \u0423\u0441\u043f\u043e\u0441\u0442\u0430\u0432\u0459\u0430\u045a\u0435 \u0438 \u0432\u043e\u0452\u0435\u045a\u0435 \u0420\u0435\u0433\u0438\u0441\u0442\u0430\u0440 \u0438\u0441\u043f\u0443\u0448\u0442\u0430\u045a\u0430 \u0438 \u043f\u0440\u0435\u043d\u043e\u0441\u0430 \u0437\u0430\u0433\u0430\u0452\u0443\u0458\u0443\u045b\u0438\u0445 \u043c\u0430\u0442\u0435\u0440\u0438\u0458\u0430 \u0420\u0435\u043f\u0443\u0431\u043b\u0438\u043a\u0435 \u0421\u0440\u043f\u0441\u043a\u0435 (PRTR) \u0458\u0435 \u0434\u0435\u0444\u0438\u043d\u0438\u0441\u0430\u043d\u043e \u0417\u0430\u043a\u043e\u043d\u043e\u043c \u043e \u0437\u0430\u0448\u0442\u0438\u0442\u0438 \u0436\u0438\u0432\u043e\u0442\u043d\u0435 \u0441\u0440\u0435\u0434\u0438\u043d\u0435 (\u201e\u0421\u043b\u0443\u0436\u0431\u0435\u043d\u0438 \u0433\u043b\u0430\u0441\u043d\u0438\u043a \u0420\u0435\u043f\u0443\u0431\u043b\u0438\u043a\u0435 \u0421\u0440\u043f\u0441\u043a\u0435\u201c, \u0431\u0440. 71\/12), \u0417\u0430\u043a\u043e\u043d\u043e\u043c \u043e \u0438\u0437\u043c\u0458\u0435\u043d\u0430\u043c\u0430 \u0438 \u0434\u043e\u043f\u0443\u043d\u0430\u043c\u0430 \u0417\u0430\u043a\u043e\u043d\u0430 \u043e \u0437\u0430\u0448\u0442\u0438\u0442\u0438 [&hellip;]<\/p>\n","protected":false},"author":1,"featured_media":0,"parent":0,"menu_order":0,"comment_status":"closed","ping_status":"closed","template":"elementor_header_footer","meta":{"footnotes":""},"class_list":["post-147","page","type-page","status-publish","hentry"],"yoast_head":"<!-- This site is optimized with the Yoast SEO plugin v27.3 - https:\/\/yoast.com\/product\/yoast-seo-wordpress\/ -->\n<title>Operateri - prtr.domgrid.com<\/title>\n<meta name=\"robots\" content=\"index, follow, max-snippet:-1, max-image-preview:large, max-video-preview:-1\" \/>\n<link rel=\"canonical\" href=\"https:\/\/prtrportal.rhmzrs.com\/sr-lat\/izvjestavanje\/\" \/>\n<meta property=\"og:locale\" content=\"en_US\" \/>\n<meta property=\"og:type\" content=\"article\" \/>\n<meta property=\"og:title\" content=\"Operateri - prtr.domgrid.com\" \/>\n<meta property=\"og:description\" content=\"\u041c\u043e\u043b\u0438\u043c\u043e \u043f\u043e\u0441\u0442\u0440\u043e\u0458\u0435\u045a\u0430 \u0434\u0430 \u0434\u043e\u0441\u0442\u0430\u0432\u0435 \u0433\u043e\u0434\u0438\u0448\u045a\u0435 \u0438\u0437\u0432\u0458\u0435\u0448\u0442\u0430\u0458\u0435 \u043e \u0438\u0441\u043f\u0443\u0448\u0442\u0430\u045a\u0443 \u0438 \u043f\u0440\u0435\u043d\u043e\u0441\u0443 \u0437\u0430\u0433\u0430\u0452\u0443\u0458\u0443\u045b\u0438\u0445 \u043c\u0430\u0442\u0435\u0440\u0438\u0458\u0430 \u0437\u0430 2025. \u0433\u043e\u0434\u0438\u043d\u0443 \u043d\u0430\u0458\u043a\u0430\u0441\u043d\u0438\u0458\u0435 \u0434\u043e 31. \u043c\u0430\u0440\u0442\u0430 2026. \u0433\u043e\u0434\u0438\u043d\u0435. \u0418\u0437\u0432\u0435\u0448\u0442\u0430\u0432\u0430\u045a\u0435 \u0423\u0441\u043f\u043e\u0441\u0442\u0430\u0432\u0459\u0430\u045a\u0435 \u0438 \u0432\u043e\u0452\u0435\u045a\u0435 \u0420\u0435\u0433\u0438\u0441\u0442\u0430\u0440 \u0438\u0441\u043f\u0443\u0448\u0442\u0430\u045a\u0430 \u0438 \u043f\u0440\u0435\u043d\u043e\u0441\u0430 \u0437\u0430\u0433\u0430\u0452\u0443\u0458\u0443\u045b\u0438\u0445 \u043c\u0430\u0442\u0435\u0440\u0438\u0458\u0430 \u0420\u0435\u043f\u0443\u0431\u043b\u0438\u043a\u0435 \u0421\u0440\u043f\u0441\u043a\u0435 (PRTR) \u0458\u0435 \u0434\u0435\u0444\u0438\u043d\u0438\u0441\u0430\u043d\u043e \u0417\u0430\u043a\u043e\u043d\u043e\u043c \u043e \u0437\u0430\u0448\u0442\u0438\u0442\u0438 \u0436\u0438\u0432\u043e\u0442\u043d\u0435 \u0441\u0440\u0435\u0434\u0438\u043d\u0435 (\u201e\u0421\u043b\u0443\u0436\u0431\u0435\u043d\u0438 \u0433\u043b\u0430\u0441\u043d\u0438\u043a \u0420\u0435\u043f\u0443\u0431\u043b\u0438\u043a\u0435 \u0421\u0440\u043f\u0441\u043a\u0435\u201c, \u0431\u0440. 71\/12), \u0417\u0430\u043a\u043e\u043d\u043e\u043c \u043e \u0438\u0437\u043c\u0458\u0435\u043d\u0430\u043c\u0430 \u0438 \u0434\u043e\u043f\u0443\u043d\u0430\u043c\u0430 \u0417\u0430\u043a\u043e\u043d\u0430 \u043e \u0437\u0430\u0448\u0442\u0438\u0442\u0438 [&hellip;]\" \/>\n<meta property=\"og:url\" content=\"https:\/\/prtrportal.rhmzrs.com\/sr-lat\/izvjestavanje\/\" \/>\n<meta property=\"og:site_name\" content=\"prtr.domgrid.com\" \/>\n<meta property=\"article:modified_time\" content=\"2026-03-31T18:44:02+00:00\" \/>\n<meta name=\"twitter:card\" content=\"summary_large_image\" \/>\n<meta name=\"twitter:label1\" content=\"Est. reading time\" \/>\n\t<meta name=\"twitter:data1\" content=\"3 minutes\" \/>\n<script type=\"application\/ld+json\" class=\"yoast-schema-graph\">{\"@context\":\"https:\\\/\\\/schema.org\",\"@graph\":[{\"@type\":\"WebPage\",\"@id\":\"https:\\\/\\\/prtrportal.rhmzrs.com\\\/izvjestavanje\\\/\",\"url\":\"https:\\\/\\\/prtrportal.rhmzrs.com\\\/izvjestavanje\\\/\",\"name\":\"Operateri - prtr.domgrid.com\",\"isPartOf\":{\"@id\":\"https:\\\/\\\/prtrportal.rhmzrs.com\\\/#website\"},\"datePublished\":\"2026-02-10T19:39:31+00:00\",\"dateModified\":\"2026-03-31T18:44:02+00:00\",\"breadcrumb\":{\"@id\":\"https:\\\/\\\/prtrportal.rhmzrs.com\\\/izvjestavanje\\\/#breadcrumb\"},\"inLanguage\":\"sr-Latn-RS\",\"potentialAction\":[{\"@type\":\"ReadAction\",\"target\":[\"https:\\\/\\\/prtrportal.rhmzrs.com\\\/izvjestavanje\\\/\"]}]},{\"@type\":\"BreadcrumbList\",\"@id\":\"https:\\\/\\\/prtrportal.rhmzrs.com\\\/izvjestavanje\\\/#breadcrumb\",\"itemListElement\":[{\"@type\":\"ListItem\",\"position\":1,\"name\":\"Po\u010detna\",\"item\":\"https:\\\/\\\/prtrportal.rhmzrs.com\\\/\"},{\"@type\":\"ListItem\",\"position\":2,\"name\":\"Operateri\"}]},{\"@type\":\"WebSite\",\"@id\":\"https:\\\/\\\/prtrportal.rhmzrs.com\\\/#website\",\"url\":\"https:\\\/\\\/prtrportal.rhmzrs.com\\\/\",\"name\":\"prtr.domgrid.com\",\"description\":\"Registar ispustanja i prenosa zaga\u0111uju\u0107ih materija\",\"potentialAction\":[{\"@type\":\"SearchAction\",\"target\":{\"@type\":\"EntryPoint\",\"urlTemplate\":\"https:\\\/\\\/prtrportal.rhmzrs.com\\\/?s={search_term_string}\"},\"query-input\":{\"@type\":\"PropertyValueSpecification\",\"valueRequired\":true,\"valueName\":\"search_term_string\"}}],\"inLanguage\":\"sr-Latn-RS\"}]}<\/script>\n<!-- \/ Yoast SEO plugin. -->","yoast_head_json":{"title":"Operateri - prtr.domgrid.com","robots":{"index":"index","follow":"follow","max-snippet":"max-snippet:-1","max-image-preview":"max-image-preview:large","max-video-preview":"max-video-preview:-1"},"canonical":"https:\/\/prtrportal.rhmzrs.com\/sr-lat\/izvjestavanje\/","og_locale":"en_US","og_type":"article","og_title":"Operateri - prtr.domgrid.com","og_description":"\u041c\u043e\u043b\u0438\u043c\u043e \u043f\u043e\u0441\u0442\u0440\u043e\u0458\u0435\u045a\u0430 \u0434\u0430 \u0434\u043e\u0441\u0442\u0430\u0432\u0435 \u0433\u043e\u0434\u0438\u0448\u045a\u0435 \u0438\u0437\u0432\u0458\u0435\u0448\u0442\u0430\u0458\u0435 \u043e \u0438\u0441\u043f\u0443\u0448\u0442\u0430\u045a\u0443 \u0438 \u043f\u0440\u0435\u043d\u043e\u0441\u0443 \u0437\u0430\u0433\u0430\u0452\u0443\u0458\u0443\u045b\u0438\u0445 \u043c\u0430\u0442\u0435\u0440\u0438\u0458\u0430 \u0437\u0430 2025. \u0433\u043e\u0434\u0438\u043d\u0443 \u043d\u0430\u0458\u043a\u0430\u0441\u043d\u0438\u0458\u0435 \u0434\u043e 31. \u043c\u0430\u0440\u0442\u0430 2026. \u0433\u043e\u0434\u0438\u043d\u0435. \u0418\u0437\u0432\u0435\u0448\u0442\u0430\u0432\u0430\u045a\u0435 \u0423\u0441\u043f\u043e\u0441\u0442\u0430\u0432\u0459\u0430\u045a\u0435 \u0438 \u0432\u043e\u0452\u0435\u045a\u0435 \u0420\u0435\u0433\u0438\u0441\u0442\u0430\u0440 \u0438\u0441\u043f\u0443\u0448\u0442\u0430\u045a\u0430 \u0438 \u043f\u0440\u0435\u043d\u043e\u0441\u0430 \u0437\u0430\u0433\u0430\u0452\u0443\u0458\u0443\u045b\u0438\u0445 \u043c\u0430\u0442\u0435\u0440\u0438\u0458\u0430 \u0420\u0435\u043f\u0443\u0431\u043b\u0438\u043a\u0435 \u0421\u0440\u043f\u0441\u043a\u0435 (PRTR) \u0458\u0435 \u0434\u0435\u0444\u0438\u043d\u0438\u0441\u0430\u043d\u043e \u0417\u0430\u043a\u043e\u043d\u043e\u043c \u043e \u0437\u0430\u0448\u0442\u0438\u0442\u0438 \u0436\u0438\u0432\u043e\u0442\u043d\u0435 \u0441\u0440\u0435\u0434\u0438\u043d\u0435 (\u201e\u0421\u043b\u0443\u0436\u0431\u0435\u043d\u0438 \u0433\u043b\u0430\u0441\u043d\u0438\u043a \u0420\u0435\u043f\u0443\u0431\u043b\u0438\u043a\u0435 \u0421\u0440\u043f\u0441\u043a\u0435\u201c, \u0431\u0440. 71\/12), \u0417\u0430\u043a\u043e\u043d\u043e\u043c \u043e \u0438\u0437\u043c\u0458\u0435\u043d\u0430\u043c\u0430 \u0438 \u0434\u043e\u043f\u0443\u043d\u0430\u043c\u0430 \u0417\u0430\u043a\u043e\u043d\u0430 \u043e \u0437\u0430\u0448\u0442\u0438\u0442\u0438 [&hellip;]","og_url":"https:\/\/prtrportal.rhmzrs.com\/sr-lat\/izvjestavanje\/","og_site_name":"prtr.domgrid.com","article_modified_time":"2026-03-31T18:44:02+00:00","twitter_card":"summary_large_image","twitter_misc":{"Est. reading time":"3 minutes"},"schema":{"@context":"https:\/\/schema.org","@graph":[{"@type":"WebPage","@id":"https:\/\/prtrportal.rhmzrs.com\/izvjestavanje\/","url":"https:\/\/prtrportal.rhmzrs.com\/izvjestavanje\/","name":"Operateri - prtr.domgrid.com","isPartOf":{"@id":"https:\/\/prtrportal.rhmzrs.com\/#website"},"datePublished":"2026-02-10T19:39:31+00:00","dateModified":"2026-03-31T18:44:02+00:00","breadcrumb":{"@id":"https:\/\/prtrportal.rhmzrs.com\/izvjestavanje\/#breadcrumb"},"inLanguage":"sr-Latn-RS","potentialAction":[{"@type":"ReadAction","target":["https:\/\/prtrportal.rhmzrs.com\/izvjestavanje\/"]}]},{"@type":"BreadcrumbList","@id":"https:\/\/prtrportal.rhmzrs.com\/izvjestavanje\/#breadcrumb","itemListElement":[{"@type":"ListItem","position":1,"name":"Po\u010detna","item":"https:\/\/prtrportal.rhmzrs.com\/"},{"@type":"ListItem","position":2,"name":"Operateri"}]},{"@type":"WebSite","@id":"https:\/\/prtrportal.rhmzrs.com\/#website","url":"https:\/\/prtrportal.rhmzrs.com\/","name":"prtr.domgrid.com","description":"Registar ispustanja i prenosa zaga\u0111uju\u0107ih materija","potentialAction":[{"@type":"SearchAction","target":{"@type":"EntryPoint","urlTemplate":"https:\/\/prtrportal.rhmzrs.com\/?s={search_term_string}"},"query-input":{"@type":"PropertyValueSpecification","valueRequired":true,"valueName":"search_term_string"}}],"inLanguage":"sr-Latn-RS"}]}},"_links":{"self":[{"href":"https:\/\/prtrportal.rhmzrs.com\/sr-lat\/wp-json\/wp\/v2\/pages\/147","targetHints":{"allow":["GET"]}}],"collection":[{"href":"https:\/\/prtrportal.rhmzrs.com\/sr-lat\/wp-json\/wp\/v2\/pages"}],"about":[{"href":"https:\/\/prtrportal.rhmzrs.com\/sr-lat\/wp-json\/wp\/v2\/types\/page"}],"author":[{"embeddable":true,"href":"https:\/\/prtrportal.rhmzrs.com\/sr-lat\/wp-json\/wp\/v2\/users\/1"}],"replies":[{"embeddable":true,"href":"https:\/\/prtrportal.rhmzrs.com\/sr-lat\/wp-json\/wp\/v2\/comments?post=147"}],"version-history":[{"count":43,"href":"https:\/\/prtrportal.rhmzrs.com\/sr-lat\/wp-json\/wp\/v2\/pages\/147\/revisions"}],"predecessor-version":[{"id":1599,"href":"https:\/\/prtrportal.rhmzrs.com\/sr-lat\/wp-json\/wp\/v2\/pages\/147\/revisions\/1599"}],"wp:attachment":[{"href":"https:\/\/prtrportal.rhmzrs.com\/sr-lat\/wp-json\/wp\/v2\/media?parent=147"}],"curies":[{"name":"wp","href":"https:\/\/api.w.org\/{rel}","templated":true}]}}