{"id":457,"date":"2026-02-22T18:04:47","date_gmt":"2026-02-22T18:04:47","guid":{"rendered":"https:\/\/prtrportal.rhmzrs.com\/?page_id=457"},"modified":"2026-03-20T09:06:08","modified_gmt":"2026-03-20T09:06:08","slug":"bat","status":"publish","type":"page","link":"https:\/\/prtrportal.rhmzrs.com\/en\/ieprtr\/bat\/","title":{"rendered":"BAT"},"content":{"rendered":"<div data-elementor-type=\"wp-page\" data-elementor-id=\"457\" class=\"elementor elementor-457\" data-elementor-post-type=\"page\">\n\t\t\t\t<div class=\"elementor-element elementor-element-80e91a9 e-flex e-con-boxed e-con e-parent\" data-id=\"80e91a9\" data-element_type=\"container\" data-e-type=\"container\">\n\t\t\t\t\t<div class=\"e-con-inner\">\n\t\t\t\t<div class=\"elementor-element elementor-element-f8797b3 elementor-widget elementor-widget-breadcrumbs\" data-id=\"f8797b3\" data-element_type=\"widget\" data-e-type=\"widget\" data-widget_type=\"breadcrumbs.default\">\n\t\t\t\t\t<p id=\"breadcrumbs\"><span><span><a href=\"https:\/\/prtrportal.rhmzrs.com\/en\/\">Home<\/a><\/span><\/span><\/p>\t\t\t\t<\/div>\n\t\t\t\t\t<\/div>\n\t\t\t\t<\/div>\n\t\t<div class=\"elementor-element elementor-element-058ba5a e-flex e-con-boxed e-con e-parent\" data-id=\"058ba5a\" data-element_type=\"container\" data-e-type=\"container\">\n\t\t\t\t\t<div class=\"e-con-inner\">\n\t\t<div class=\"elementor-element elementor-element-3e3c25d e-con-full e-flex e-con e-child\" data-id=\"3e3c25d\" data-element_type=\"container\" data-e-type=\"container\">\n\t\t\t\t<div class=\"elementor-element elementor-element-a4b58a3 elementor-widget elementor-widget-sidebar\" data-id=\"a4b58a3\" data-element_type=\"widget\" data-e-type=\"widget\" data-widget_type=\"sidebar.default\">\n\t\t\t\t\t<div class=\"widget\">\n<p class=\"has-black-color has-text-color has-link-color wp-elements-ebc8c84cb9cbee2cc0673ffe4ec0cf82\" style=\"text-decoration:underline\"><a href=\"https:\/\/prtrportal.rhmzrs.com\/en\/ieprtr\/eu-direktive\/\">EU lLegislation<\/a><\/p>\n<\/div><div class=\"widget\">\n<p class=\"has-black-color has-text-color has-link-color wp-elements-ba93812df266f03adde416499c9b73b8\" style=\"text-decoration:underline\"><a href=\"https:\/\/prtrportal.rhmzrs.com\/en\/ieprtr\/bat\/\">BAT<\/a><\/p>\n<\/div><div class=\"widget\">\n<ul class=\"wp-block-list sidebar-znacaj-prtr-linkovi\">\n<li class=\"has-black-color has-text-color has-link-color wp-elements-fecb6ea97af58866cb774e2bfb3f8f73\" style=\"text-decoration:underline\"><a href=\"https:\/\/prtrportal.rhmzrs.com\/en\/ieprtr\/bat\/bat-dokumenta\/\">BAT dokuments<\/a><\/li>\n<\/ul>\n<\/div>\t\t\t\t<\/div>\n\t\t\t\t<\/div>\n\t\t<div class=\"elementor-element elementor-element-46328fe e-con-full e-flex e-con e-child\" data-id=\"46328fe\" data-element_type=\"container\" data-e-type=\"container\">\n\t\t\t\t<div class=\"elementor-element elementor-element-ab2c197 elementor-widget elementor-widget-heading\" data-id=\"ab2c197\" data-element_type=\"widget\" data-e-type=\"widget\" data-widget_type=\"heading.default\">\n\t\t\t\t\t<h2 class=\"elementor-heading-title elementor-size-default\">BAT reference document<\/h2>\t\t\t\t<\/div>\n\t\t\t\t<div class=\"elementor-element elementor-element-8e30d85 elementor-widget elementor-widget-text-editor\" data-id=\"8e30d85\" data-element_type=\"widget\" data-e-type=\"widget\" data-widget_type=\"text-editor.default\">\n\t\t\t\t\t\t\t\t\t<p><style>\na {<br \/>    text-decoration: none;<br \/>    color: #464feb;<br \/>}<br \/>tr th, tr td {<br \/>    border: 1px solid #e6e6e6;<br \/>}<br \/>tr th {<br \/>    background-color: #f5f5f5;<br \/>}<br \/><\/style><\/p><div><p>U kontekstu Direktive o industrijskim emisijama (IED), <strong>BAT dokumenti<\/strong> se odnose na <strong>BAT referentne dokumente (BREF\u2011ove)<\/strong>, koji predstavljaju rezultat razmene informacija izme\u0111u dr\u017eava \u010dlanica, industrije i stru\u010dne javnosti u okviru tzv. Seviljskog procesa.<\/p><p><strong>BAT dokumenti<\/strong> opisuju primenjene tehnike, nivoe emisija i potro\u0161nje resursa, kao i tehnike koje se smatraju najboljim dostupnim tehnikama za odre\u0111ene industrijske aktivnosti, a njihov sastavni i pravno najzna\u010dajniji deo su <strong>BAT zaklju\u010dci<\/strong>. U skladu sa Direktivom o industrijskim emisijama, <strong>BAT zaklju\u010dci slu\u017ee kao referentna osnova za utvr\u0111ivanje grani\u010dnih vrednosti emisija i uslova u integrisanim dozvolama<\/strong> za industrijska postrojenja.<\/p><\/div><p><span style=\"font-size: 1rem;\">BAT referentni dokumenti (BREF-ovi) predstavljaju rezultat &#8216;Seviljskog procesa&#8217;. Ve\u0107ina BREF-ova obuhvata specifi\u010dne agro-industrijske aktivnosti; takvi BREF-ovi se nazivaju &#8216;sektorski BREF-ovi&#8217;. Me\u0111utim, postoji i nekoliko &#8216;horizontalnih BREF-ova&#8217; koji se bave zajedni\u010dkim pitanjima kao \u0161to su energetska efikasnost, industrijski sistemi hla\u0111enja ili emisije iz skladi\u0161tenja, sa zna\u010dajem za industrijsku proizvodnju uop\u0161te. Poseban BREF je razvijen za pra\u0107enje emisija u vazduh i vodu iz postrojenja u okviru Direktive o industrijskim emisijama, koji se naziva &#8216;ROM&#8217;. Tabela ispod prikazuje abecedni spisak svih BREF-ova izra\u0111enih do danas.<\/span><\/p><p>Prvi BREF-ovi su uspostavljeni u okviru Direktive 2008\/1\/EC koja je kodifikovala pravila za izdavanje dozvola za industrijska postrojenja, kako je navedeno u Direktivi o integrisanom spre\u010davanju i kontroli zaga\u0111enja (IPPC) 96\/61\/EC. Direktiva IPPC je kasnije ukinuta od strane Direktive o industrijskim emisijama (I IED) 2010\/75\/EU. Za BREF-ove usvojene u okviru IED-a, u tabeli se u koloni \u201eUsvojen\/Objavljen dokument\u201c tako\u0111e prikazuju BAT zaklju\u010dci usvojeni postupkom komiteta u skladu sa \u010dlanom 13(5) IED-a. \u201eBAT zaklju\u010dci\u201c su dokument koji sadr\u017ei delove BREF-a u kojima su utvr\u0111eni zaklju\u010dci o najboljim dostupnim tehnikama. U skladu sa \u010dlanom 14(3) IED-a, BAT zaklju\u010dci predstavljaju referencu za postavljanje granica emisije i izdavanje dozvola za rad velikih agroindustrijskih postrojenja obuhva\u0107enih Prilogom I Direktive o industrijskim emisijama. BREF-ovi su strukturirani na slede\u0107i na\u010din:<\/p><p>\u2022 Predgovor i opseg<\/p><p>\u2022 Op\u0161te informacije o sektoru<\/p><p>\u2022 Primenjeni procesi i tehnike<\/p><p>\u2022 Trenutni nivoi emisije i potro\u0161nje<\/p><p>\u2022 Tehnike koje treba razmotriti pri utvr\u0111ivanju BAT-a \u2022 BAT zaklju\u010dci<\/p><p>\u2022 Nove tehnike<\/p><p>\u2022 Zavr\u0161ne napomene i preporuke za budu\u0107i rad<\/p><p>\u2022 Reference<\/p><p>\u2022 Re\u010dnik termina i skra\u0107enica<\/p><p>\u2022 Prilozi (u zavisnosti od sektora i raspolo\u017eivosti informacija)<\/p>\t\t\t\t\t\t\t\t<\/div>\n\t\t\t\t<\/div>\n\t\t<div class=\"elementor-element elementor-element-f136255 e-con-full e-flex e-con e-child\" data-id=\"f136255\" data-element_type=\"container\" data-e-type=\"container\">\n\t\t\t\t<div class=\"elementor-element elementor-element-76819f2 elementor-widget elementor-widget-sidebar\" data-id=\"76819f2\" data-element_type=\"widget\" data-e-type=\"widget\" data-widget_type=\"sidebar.default\">\n\t\t\t\t\t<div class=\"widget\">\t\t<div data-elementor-type=\"single-page\" data-elementor-id=\"113\" class=\"elementor elementor-113\" data-elementor-post-type=\"elementor_library\">\n\t\t\t<div class=\"elementor-element elementor-element-d34138c e-flex e-con-boxed e-con e-parent\" data-id=\"d34138c\" data-element_type=\"container\" data-e-type=\"container\" data-settings=\"{&quot;background_background&quot;:&quot;classic&quot;}\">\n\t\t\t\t\t<div class=\"e-con-inner\">\n\t\t\t\t<div class=\"elementor-element elementor-element-3553a24 elementor-widget elementor-widget-image\" data-id=\"3553a24\" data-element_type=\"widget\" data-e-type=\"widget\" data-widget_type=\"image.default\">\n\t\t\t\t\t\t\t\t\t\t\t\t\t\t\t<img fetchpriority=\"high\" decoding=\"async\" width=\"1024\" height=\"1024\" src=\"https:\/\/prtrportal.rhmzrs.com\/wp-content\/uploads\/2026\/02\/right_picture.jpg\" class=\"attachment-full size-full wp-image-107\" alt=\"\" srcset=\"https:\/\/prtrportal.rhmzrs.com\/wp-content\/uploads\/2026\/02\/right_picture.jpg 1024w, https:\/\/prtrportal.rhmzrs.com\/wp-content\/uploads\/2026\/02\/right_picture-300x300.jpg 300w, https:\/\/prtrportal.rhmzrs.com\/wp-content\/uploads\/2026\/02\/right_picture-150x150.jpg 150w, https:\/\/prtrportal.rhmzrs.com\/wp-content\/uploads\/2026\/02\/right_picture-768x768.jpg 768w, https:\/\/prtrportal.rhmzrs.com\/wp-content\/uploads\/2026\/02\/right_picture-12x12.jpg 12w\" sizes=\"(max-width: 1024px) 100vw, 1024px\" \/>\t\t\t\t\t\t\t\t\t\t\t\t\t\t\t<\/div>\n\t\t\t\t<div class=\"elementor-element elementor-element-ccc576a elementor-align-center elementor-widget elementor-widget-button\" data-id=\"ccc576a\" data-element_type=\"widget\" data-e-type=\"widget\" data-widget_type=\"button.default\">\n\t\t\t\t\t\t\t\t\t\t<a class=\"elementor-button elementor-button-link elementor-size-sm\" href=\"https:\/\/prtr.rhmzrs.com\/\">\n\t\t\t\t\t\t<span class=\"elementor-button-content-wrapper\">\n\t\t\t\t\t\t\t\t\t<span class=\"elementor-button-text\">Sign in PRTR<\/span>\n\t\t\t\t\t<\/span>\n\t\t\t\t\t<\/a>\n\t\t\t\t\t\t\t\t<\/div>\n\t\t\t\t<div class=\"elementor-element elementor-element-7db9f19 elementor-widget-tablet__width-initial elementor-widget elementor-widget-text-editor\" data-id=\"7db9f19\" data-element_type=\"widget\" data-e-type=\"widget\" data-widget_type=\"text-editor.default\">\n\t\t\t\t\t\t\t\t\t<p>PRTR :<\/p>\n<p>Phone number:<br><span style=\"text-decoration: underline;\"><a href=\"tel:+387-(0)51-346492\">+387-(0)51-346492;<\/a><\/span><br><span style=\"text-decoration: underline;\"><a href=\"tel:+387-(0)65-089688\">+387-(0)65-089688<\/a><\/span><\/p>\n<p>email: <a href=\"mailto:prtrrs@rhmzrs.com\"><span style=\"text-decoration: underline;\">prtrrs@rhmzrs.com<\/span><\/a><\/p>\t\t\t\t\t\t\t\t<\/div>\n\t\t\t\t\t<\/div>\n\t\t\t\t<\/div>\n\t\t\t\t<\/div>\n\t\t<\/div>\t\t\t\t<\/div>\n\t\t\t\t<\/div>\n\t\t\t\t\t<\/div>\n\t\t\t\t<\/div>\n\t\t<div class=\"elementor-element elementor-element-60bb25a e-flex e-con-boxed e-con e-parent\" data-id=\"60bb25a\" data-element_type=\"container\" data-e-type=\"container\">\n\t\t\t\t\t<div class=\"e-con-inner\">\n\t\t\t\t\t<\/div>\n\t\t\t\t<\/div>\n\t\t\t\t<\/div>","protected":false},"excerpt":{"rendered":"<p>BAT referentni dokumenti U kontekstu Direktive o industrijskim emisijama (IED), BAT dokumenti se odnose na BAT referentne dokumente (BREF\u2011ove), koji predstavljaju rezultat razmene informacija izme\u0111u dr\u017eava \u010dlanica, industrije i stru\u010dne javnosti u okviru tzv. Seviljskog procesa. BAT dokumenti opisuju primenjene tehnike, nivoe emisija i potro\u0161nje resursa, kao i tehnike koje se smatraju najboljim dostupnim tehnikama [&hellip;]<\/p>\n","protected":false},"author":1,"featured_media":0,"parent":375,"menu_order":0,"comment_status":"closed","ping_status":"closed","template":"elementor_header_footer","meta":{"footnotes":""},"class_list":["post-457","page","type-page","status-publish","hentry"],"yoast_head":"<!-- This site is optimized with the Yoast SEO plugin v27.3 - https:\/\/yoast.com\/product\/yoast-seo-wordpress\/ -->\n<title>BAT - prtr.domgrid.com<\/title>\n<meta name=\"robots\" content=\"index, follow, max-snippet:-1, max-image-preview:large, max-video-preview:-1\" \/>\n<link rel=\"canonical\" href=\"https:\/\/prtrportal.rhmzrs.com\/en\/ieprtr\/bat\/\" \/>\n<meta property=\"og:locale\" content=\"en_GB\" \/>\n<meta property=\"og:type\" content=\"article\" \/>\n<meta property=\"og:title\" content=\"BAT - prtr.domgrid.com\" \/>\n<meta property=\"og:description\" content=\"BAT referentni dokumenti U kontekstu Direktive o industrijskim emisijama (IED), BAT dokumenti se odnose na BAT referentne dokumente (BREF\u2011ove), koji predstavljaju rezultat razmene informacija izme\u0111u dr\u017eava \u010dlanica, industrije i stru\u010dne javnosti u okviru tzv. Seviljskog procesa. BAT dokumenti opisuju primenjene tehnike, nivoe emisija i potro\u0161nje resursa, kao i tehnike koje se smatraju najboljim dostupnim tehnikama [&hellip;]\" \/>\n<meta property=\"og:url\" content=\"https:\/\/prtrportal.rhmzrs.com\/en\/ieprtr\/bat\/\" \/>\n<meta property=\"og:site_name\" content=\"prtr.domgrid.com\" \/>\n<meta property=\"article:modified_time\" content=\"2026-03-20T09:06:08+00:00\" \/>\n<meta name=\"twitter:card\" content=\"summary_large_image\" \/>\n<meta name=\"twitter:label1\" content=\"Estimated reading time\" \/>\n\t<meta name=\"twitter:data1\" content=\"3 minutes\" \/>\n<script type=\"application\/ld+json\" class=\"yoast-schema-graph\">{\"@context\":\"https:\\\/\\\/schema.org\",\"@graph\":[{\"@type\":\"WebPage\",\"@id\":\"https:\\\/\\\/prtrportal.rhmzrs.com\\\/ieprtr\\\/bat\\\/\",\"url\":\"https:\\\/\\\/prtrportal.rhmzrs.com\\\/ieprtr\\\/bat\\\/\",\"name\":\"BAT - prtr.domgrid.com\",\"isPartOf\":{\"@id\":\"https:\\\/\\\/prtrportal.rhmzrs.com\\\/#website\"},\"datePublished\":\"2026-02-22T18:04:47+00:00\",\"dateModified\":\"2026-03-20T09:06:08+00:00\",\"breadcrumb\":{\"@id\":\"https:\\\/\\\/prtrportal.rhmzrs.com\\\/ieprtr\\\/bat\\\/#breadcrumb\"},\"inLanguage\":\"en-GB\",\"potentialAction\":[{\"@type\":\"ReadAction\",\"target\":[\"https:\\\/\\\/prtrportal.rhmzrs.com\\\/ieprtr\\\/bat\\\/\"]}]},{\"@type\":\"BreadcrumbList\",\"@id\":\"https:\\\/\\\/prtrportal.rhmzrs.com\\\/ieprtr\\\/bat\\\/#breadcrumb\",\"itemListElement\":[{\"@type\":\"ListItem\",\"position\":1,\"name\":\"Po\u010detna\",\"item\":\"https:\\\/\\\/prtrportal.rhmzrs.com\\\/\"},{\"@type\":\"ListItem\",\"position\":2,\"name\":\"IEPRTR\",\"item\":\"https:\\\/\\\/prtrportal.rhmzrs.com\\\/ieprtr\\\/\"},{\"@type\":\"ListItem\",\"position\":3,\"name\":\"BAT\"}]},{\"@type\":\"WebSite\",\"@id\":\"https:\\\/\\\/prtrportal.rhmzrs.com\\\/#website\",\"url\":\"https:\\\/\\\/prtrportal.rhmzrs.com\\\/\",\"name\":\"prtr.domgrid.com\",\"description\":\"Registar ispustanja i prenosa zaga\u0111uju\u0107ih materija\",\"potentialAction\":[{\"@type\":\"SearchAction\",\"target\":{\"@type\":\"EntryPoint\",\"urlTemplate\":\"https:\\\/\\\/prtrportal.rhmzrs.com\\\/?s={search_term_string}\"},\"query-input\":{\"@type\":\"PropertyValueSpecification\",\"valueRequired\":true,\"valueName\":\"search_term_string\"}}],\"inLanguage\":\"en-GB\"}]}<\/script>\n<!-- \/ Yoast SEO plugin. -->","yoast_head_json":{"title":"BAT - prtr.domgrid.com","robots":{"index":"index","follow":"follow","max-snippet":"max-snippet:-1","max-image-preview":"max-image-preview:large","max-video-preview":"max-video-preview:-1"},"canonical":"https:\/\/prtrportal.rhmzrs.com\/en\/ieprtr\/bat\/","og_locale":"en_GB","og_type":"article","og_title":"BAT - prtr.domgrid.com","og_description":"BAT referentni dokumenti U kontekstu Direktive o industrijskim emisijama (IED), BAT dokumenti se odnose na BAT referentne dokumente (BREF\u2011ove), koji predstavljaju rezultat razmene informacija izme\u0111u dr\u017eava \u010dlanica, industrije i stru\u010dne javnosti u okviru tzv. Seviljskog procesa. BAT dokumenti opisuju primenjene tehnike, nivoe emisija i potro\u0161nje resursa, kao i tehnike koje se smatraju najboljim dostupnim tehnikama [&hellip;]","og_url":"https:\/\/prtrportal.rhmzrs.com\/en\/ieprtr\/bat\/","og_site_name":"prtr.domgrid.com","article_modified_time":"2026-03-20T09:06:08+00:00","twitter_card":"summary_large_image","twitter_misc":{"Estimated reading time":"3 minutes"},"schema":{"@context":"https:\/\/schema.org","@graph":[{"@type":"WebPage","@id":"https:\/\/prtrportal.rhmzrs.com\/ieprtr\/bat\/","url":"https:\/\/prtrportal.rhmzrs.com\/ieprtr\/bat\/","name":"BAT - prtr.domgrid.com","isPartOf":{"@id":"https:\/\/prtrportal.rhmzrs.com\/#website"},"datePublished":"2026-02-22T18:04:47+00:00","dateModified":"2026-03-20T09:06:08+00:00","breadcrumb":{"@id":"https:\/\/prtrportal.rhmzrs.com\/ieprtr\/bat\/#breadcrumb"},"inLanguage":"en-GB","potentialAction":[{"@type":"ReadAction","target":["https:\/\/prtrportal.rhmzrs.com\/ieprtr\/bat\/"]}]},{"@type":"BreadcrumbList","@id":"https:\/\/prtrportal.rhmzrs.com\/ieprtr\/bat\/#breadcrumb","itemListElement":[{"@type":"ListItem","position":1,"name":"Po\u010detna","item":"https:\/\/prtrportal.rhmzrs.com\/"},{"@type":"ListItem","position":2,"name":"IEPRTR","item":"https:\/\/prtrportal.rhmzrs.com\/ieprtr\/"},{"@type":"ListItem","position":3,"name":"BAT"}]},{"@type":"WebSite","@id":"https:\/\/prtrportal.rhmzrs.com\/#website","url":"https:\/\/prtrportal.rhmzrs.com\/","name":"prtr.domgrid.com","description":"Registar ispustanja i prenosa zaga\u0111uju\u0107ih materija","potentialAction":[{"@type":"SearchAction","target":{"@type":"EntryPoint","urlTemplate":"https:\/\/prtrportal.rhmzrs.com\/?s={search_term_string}"},"query-input":{"@type":"PropertyValueSpecification","valueRequired":true,"valueName":"search_term_string"}}],"inLanguage":"en-GB"}]}},"_links":{"self":[{"href":"https:\/\/prtrportal.rhmzrs.com\/en\/wp-json\/wp\/v2\/pages\/457","targetHints":{"allow":["GET"]}}],"collection":[{"href":"https:\/\/prtrportal.rhmzrs.com\/en\/wp-json\/wp\/v2\/pages"}],"about":[{"href":"https:\/\/prtrportal.rhmzrs.com\/en\/wp-json\/wp\/v2\/types\/page"}],"author":[{"embeddable":true,"href":"https:\/\/prtrportal.rhmzrs.com\/en\/wp-json\/wp\/v2\/users\/1"}],"replies":[{"embeddable":true,"href":"https:\/\/prtrportal.rhmzrs.com\/en\/wp-json\/wp\/v2\/comments?post=457"}],"version-history":[{"count":184,"href":"https:\/\/prtrportal.rhmzrs.com\/en\/wp-json\/wp\/v2\/pages\/457\/revisions"}],"predecessor-version":[{"id":1131,"href":"https:\/\/prtrportal.rhmzrs.com\/en\/wp-json\/wp\/v2\/pages\/457\/revisions\/1131"}],"up":[{"embeddable":true,"href":"https:\/\/prtrportal.rhmzrs.com\/en\/wp-json\/wp\/v2\/pages\/375"}],"wp:attachment":[{"href":"https:\/\/prtrportal.rhmzrs.com\/en\/wp-json\/wp\/v2\/media?parent=457"}],"curies":[{"name":"wp","href":"https:\/\/api.w.org\/{rel}","templated":true}]}}